{"id":696,"date":"2025-03-10T14:24:20","date_gmt":"2025-03-10T14:24:20","guid":{"rendered":"https:\/\/osananutraceutica.com\/?post_type=product&#038;p=696"},"modified":"2026-02-18T15:57:33","modified_gmt":"2026-02-18T15:57:33","slug":"https-osananutraceutica-com-omega-3-6-9","status":"publish","type":"product","link":"https:\/\/osananutraceutica.com\/?product=https-osananutraceutica-com-omega-3-6-9","title":{"rendered":"Omega 3-6-9"},"content":{"rendered":"<p>Omega 3-6-9 es una mezcla natural de aceites esenciales que apoya el bienestar del cuerpo y la mente. Ideal para mantener el equilibrio diario, sentirse con m\u00e1s energ\u00eda y cuidar la salud de forma sencilla y constante.<\/p>\n","protected":false},"excerpt":{"rendered":"<p class=\"\" data-start=\"157\" data-end=\"546\">El omega 3-6-9 es una combinaci\u00f3n inteligente de grasas saludables que el cuerpo necesita para funcionar en armon\u00eda. Estas fuentes naturales de bienestar ayudan a mantener el equilibrio interior, apoyando funciones esenciales que muchas veces damos por sentadas. Al incluir este tipo de apoyo en la rutina diaria, muchas personas notan que se sienten con m\u00e1s energ\u00eda, claridad y vitalidad.<\/p>\n<p class=\"\" data-start=\"548\" data-end=\"886\">Lo especial del omega 3-6-9 es que re\u00fane lo mejor de tres mundos en una sola f\u00f3rmula: suavidad para el cuerpo, estabilidad para la mente y soporte general para una vida m\u00e1s activa y plena. Es ideal para quienes buscan cuidar su salud de manera natural, sin complicaciones y con el respaldo de nutrientes que el cuerpo reconoce y agradece.<\/p>\n<p class=\"\" data-start=\"888\" data-end=\"1120\">Ya sea que desees acompa\u00f1ar un estilo de vida m\u00e1s saludable, apoyar el buen funcionamiento de tu organismo o simplemente sentirte bien contigo mismo, el omega 3-6-9 es un aliado confiable que aporta de forma discreta, pero efectiva.<\/p>\n<p class=\"\" data-start=\"1122\" data-end=\"1288\">Incorporarlo a tu d\u00eda a d\u00eda es un gesto simple, pero poderoso, que te acerca al bienestar que mereces. Porque cuando el cuerpo se siente en balance, todo fluye mejor.<\/p>\n","protected":false},"featured_media":678,"comment_status":"open","ping_status":"closed","template":"","meta":{"_eb_attr":""},"product_brand":[],"product_cat":[16],"product_tag":[],"class_list":{"0":"post-696","1":"product","2":"type-product","3":"status-publish","4":"has-post-thumbnail","6":"product_cat-pastilleros","8":"first","9":"instock","10":"sale","11":"taxable","12":"shipping-taxable","13":"purchasable","14":"product-type-simple"},"_links":{"self":[{"href":"https:\/\/osananutraceutica.com\/index.php?rest_route=\/wp\/v2\/product\/696","targetHints":{"allow":["GET"]}}],"collection":[{"href":"https:\/\/osananutraceutica.com\/index.php?rest_route=\/wp\/v2\/product"}],"about":[{"href":"https:\/\/osananutraceutica.com\/index.php?rest_route=\/wp\/v2\/types\/product"}],"replies":[{"embeddable":true,"href":"https:\/\/osananutraceutica.com\/index.php?rest_route=%2Fwp%2Fv2%2Fcomments&post=696"}],"wp:featuredmedia":[{"embeddable":true,"href":"https:\/\/osananutraceutica.com\/index.php?rest_route=\/wp\/v2\/media\/678"}],"wp:attachment":[{"href":"https:\/\/osananutraceutica.com\/index.php?rest_route=%2Fwp%2Fv2%2Fmedia&parent=696"}],"wp:term":[{"taxonomy":"product_brand","embeddable":true,"href":"https:\/\/osananutraceutica.com\/index.php?rest_route=%2Fwp%2Fv2%2Fproduct_brand&post=696"},{"taxonomy":"product_cat","embeddable":true,"href":"https:\/\/osananutraceutica.com\/index.php?rest_route=%2Fwp%2Fv2%2Fproduct_cat&post=696"},{"taxonomy":"product_tag","embeddable":true,"href":"https:\/\/osananutraceutica.com\/index.php?rest_route=%2Fwp%2Fv2%2Fproduct_tag&post=696"}],"curies":[{"name":"wp","href":"https:\/\/api.w.org\/{rel}","templated":true}]}}