{"id":695,"date":"2025-03-10T14:24:15","date_gmt":"2025-03-10T14:24:15","guid":{"rendered":"https:\/\/osananutraceutica.com\/?post_type=product&#038;p=695"},"modified":"2026-04-06T16:14:30","modified_gmt":"2026-04-06T16:14:30","slug":"bisglicinato-glicinato-de-magnesio","status":"publish","type":"product","link":"https:\/\/osananutraceutica.com\/?product=bisglicinato-glicinato-de-magnesio","title":{"rendered":"Bisglicinato + Glicinato de Magnesio"},"content":{"rendered":"<p><strong>Bisglicinato + Glicinato de Magnesio<\/strong><br \/>\nFrasco x 100 unidades<br \/>\nRegistro Sanitario RSA-0032541-2024<br \/>\nun producto de laboratorios osana<\/p>\n","protected":false},"excerpt":{"rendered":"<p>El bisglicinato + glicinato de magnesio son formas queladas de magnesio, en las que este mineral se une al amino\u00e1cido glicina para mejorar su absorci\u00f3n y biodisponibilidad. Gracias a esta uni\u00f3n, el magnesio es m\u00e1s f\u00e1cilmente asimilado por el organismo y presenta una alta tolerancia digestiva, incluso en personas sensibles. Estas formas son valoradas en suplementaci\u00f3n avanzada por su estabilidad, eficacia y bajo riesgo de efectos secundarios, siendo ideales para quienes buscan una fuente de magnesio suave pero eficiente.<\/p>\n","protected":false},"featured_media":684,"comment_status":"open","ping_status":"closed","template":"","meta":{"_eb_attr":""},"product_brand":[],"product_cat":[16],"product_tag":[],"class_list":{"0":"post-695","1":"product","2":"type-product","3":"status-publish","4":"has-post-thumbnail","6":"product_cat-pastilleros","8":"first","9":"instock","10":"taxable","11":"shipping-taxable","12":"purchasable","13":"product-type-simple"},"_links":{"self":[{"href":"https:\/\/osananutraceutica.com\/index.php?rest_route=\/wp\/v2\/product\/695","targetHints":{"allow":["GET"]}}],"collection":[{"href":"https:\/\/osananutraceutica.com\/index.php?rest_route=\/wp\/v2\/product"}],"about":[{"href":"https:\/\/osananutraceutica.com\/index.php?rest_route=\/wp\/v2\/types\/product"}],"replies":[{"embeddable":true,"href":"https:\/\/osananutraceutica.com\/index.php?rest_route=%2Fwp%2Fv2%2Fcomments&post=695"}],"wp:featuredmedia":[{"embeddable":true,"href":"https:\/\/osananutraceutica.com\/index.php?rest_route=\/wp\/v2\/media\/684"}],"wp:attachment":[{"href":"https:\/\/osananutraceutica.com\/index.php?rest_route=%2Fwp%2Fv2%2Fmedia&parent=695"}],"wp:term":[{"taxonomy":"product_brand","embeddable":true,"href":"https:\/\/osananutraceutica.com\/index.php?rest_route=%2Fwp%2Fv2%2Fproduct_brand&post=695"},{"taxonomy":"product_cat","embeddable":true,"href":"https:\/\/osananutraceutica.com\/index.php?rest_route=%2Fwp%2Fv2%2Fproduct_cat&post=695"},{"taxonomy":"product_tag","embeddable":true,"href":"https:\/\/osananutraceutica.com\/index.php?rest_route=%2Fwp%2Fv2%2Fproduct_tag&post=695"}],"curies":[{"name":"wp","href":"https:\/\/api.w.org\/{rel}","templated":true}]}}