{"id":688,"date":"2025-03-10T14:10:26","date_gmt":"2025-03-10T14:10:26","guid":{"rendered":"https:\/\/osananutraceutica.com\/?post_type=product&#038;p=688"},"modified":"2026-02-18T16:14:05","modified_gmt":"2026-02-18T16:14:05","slug":"sangre-de-drago-esencia-floral","status":"publish","type":"product","link":"https:\/\/osananutraceutica.com\/?product=sangre-de-drago-esencia-floral","title":{"rendered":"Sangre de Drago Esencia Floral"},"content":{"rendered":"<p><strong>REGISTRO SANITARIO INVIMA:<br \/>\n<\/strong>Este producto no requiere<br \/>\nRegistro de invima<br \/>\n<em><strong>Resoluci\u00f3n 1558 de 2023<\/strong><\/em><br \/>\nFrasco gotero por 30 ml.<\/p>\n","protected":false},"excerpt":{"rendered":"<p class=\"\" data-start=\"183\" data-end=\"257\"><strong>Sangre de Drago Esencia Floral<\/strong><br \/>\n<strong>Desde lo m\u00e1s profundo de la selva amaz\u00f3nica, la Sangre de Drago emerge como un s\u00edmbolo de protecci\u00f3n y regeneraci\u00f3n. Su esencia floral guarda la memoria de un \u00e1rbol que, al ser herido, libera una savia roja que cubre, protege y repara. Inspirados en ese gesto natural, esta esencia acompa\u00f1a procesos de restauraci\u00f3n emocional y energ\u00e9tica. Ideal para quienes sienten que necesitan encontrar alivio en momentos de sensibilidad tanto interna como externa, desde un enfoque sutil y arm\u00f3nico.<\/strong><\/p>\n<p class=\"\" data-start=\"765\" data-end=\"937\">\n","protected":false},"featured_media":716,"comment_status":"open","ping_status":"closed","template":"","meta":{"_eb_attr":""},"product_brand":[],"product_cat":[21],"product_tag":[],"class_list":{"0":"post-688","1":"product","2":"type-product","3":"status-publish","4":"has-post-thumbnail","6":"product_cat-esencias-florales","8":"first","9":"instock","10":"taxable","11":"shipping-taxable","12":"purchasable","13":"product-type-simple"},"_links":{"self":[{"href":"https:\/\/osananutraceutica.com\/index.php?rest_route=\/wp\/v2\/product\/688","targetHints":{"allow":["GET"]}}],"collection":[{"href":"https:\/\/osananutraceutica.com\/index.php?rest_route=\/wp\/v2\/product"}],"about":[{"href":"https:\/\/osananutraceutica.com\/index.php?rest_route=\/wp\/v2\/types\/product"}],"replies":[{"embeddable":true,"href":"https:\/\/osananutraceutica.com\/index.php?rest_route=%2Fwp%2Fv2%2Fcomments&post=688"}],"wp:featuredmedia":[{"embeddable":true,"href":"https:\/\/osananutraceutica.com\/index.php?rest_route=\/wp\/v2\/media\/716"}],"wp:attachment":[{"href":"https:\/\/osananutraceutica.com\/index.php?rest_route=%2Fwp%2Fv2%2Fmedia&parent=688"}],"wp:term":[{"taxonomy":"product_brand","embeddable":true,"href":"https:\/\/osananutraceutica.com\/index.php?rest_route=%2Fwp%2Fv2%2Fproduct_brand&post=688"},{"taxonomy":"product_cat","embeddable":true,"href":"https:\/\/osananutraceutica.com\/index.php?rest_route=%2Fwp%2Fv2%2Fproduct_cat&post=688"},{"taxonomy":"product_tag","embeddable":true,"href":"https:\/\/osananutraceutica.com\/index.php?rest_route=%2Fwp%2Fv2%2Fproduct_tag&post=688"}],"curies":[{"name":"wp","href":"https:\/\/api.w.org\/{rel}","templated":true}]}}