{"id":571,"date":"2024-06-12T16:05:44","date_gmt":"2024-06-12T16:05:44","guid":{"rendered":"https:\/\/osananutraceutica.com\/?post_type=product&#038;p=571"},"modified":"2026-02-18T19:18:00","modified_gmt":"2026-02-18T19:18:00","slug":"calendula-2","status":"publish","type":"product","link":"https:\/\/osananutraceutica.com\/?product=calendula-2","title":{"rendered":"Cal\u00e9ndula"},"content":{"rendered":"<p>Cal\u00e9ndula.<\/p>\n","protected":false},"excerpt":{"rendered":"<p><span data-sheets-root=\"1\" data-sheets-value=\"{&quot;1&quot;:2,&quot;2&quot;:&quot;Propiedades:\\r\\nCoadyuvante en el tratamiento de problemas de h\u00edgado. Rica en fibra, que ayuda a reducir la glucosa en sangre al tiempo que protege contra el estre\u00f1imiento. Posee fitosteroles, que contribuyen a controlar los niveles de colesterol en la sangre, es sutil en tratamientos para bajar de peso.\\r\\n\\r\\nContenido:\\r\\n- envase X 90 comprimidos\\r\\n\\r\\nREGISTRO SANITARIO INVIMA: NSA-0006910-2019&quot;}\" data-sheets-userformat=\"{&quot;2&quot;:897,&quot;3&quot;:{&quot;1&quot;:0},&quot;10&quot;:1,&quot;11&quot;:4,&quot;12&quot;:0}\"><strong>Propiedades:<\/strong><br \/>\n\u00a1Promueve la sanaci\u00f3n interna con la <strong>esencia floral de cal\u00e9ndula!<\/strong>\u00a0Esta poderosa esencia natural no solo calma y equilibra, sino que tambi\u00e9n ayuda a acelerar el proceso de cicatrizaci\u00f3n interna g\u00e1strica. Con su suave efecto restaurador, <strong>Cal\u00e9ndula<\/strong> trabaja en armon\u00eda con tu cuerpo para revitalizar y fortalecer el revestimiento g\u00e1strico, brind\u00e1ndote alivio y bienestar duraderos. \u00a1Descubre el poder curativo de la naturaleza con la <strong>esencia floral de cal\u00e9ndula!<\/strong><br \/>\n<\/span><\/p>\n<p><strong>Contenido:<\/strong><br \/>\n\u2013 Envase X 30ml<\/p>\n<p><strong>REGISTRO SANITARIO INVIMA: <\/strong><\/p>\n<p>Este producto no requiere registro de invima Resoluci\u00f3n 1558 de 2023<\/p>\n","protected":false},"featured_media":579,"comment_status":"open","ping_status":"closed","template":"","meta":{"_eb_attr":""},"product_brand":[],"product_cat":[21],"product_tag":[],"class_list":{"0":"post-571","1":"product","2":"type-product","3":"status-publish","4":"has-post-thumbnail","6":"product_cat-esencias-florales","8":"first","9":"instock","10":"taxable","11":"shipping-taxable","12":"purchasable","13":"product-type-simple"},"_links":{"self":[{"href":"https:\/\/osananutraceutica.com\/index.php?rest_route=\/wp\/v2\/product\/571","targetHints":{"allow":["GET"]}}],"collection":[{"href":"https:\/\/osananutraceutica.com\/index.php?rest_route=\/wp\/v2\/product"}],"about":[{"href":"https:\/\/osananutraceutica.com\/index.php?rest_route=\/wp\/v2\/types\/product"}],"replies":[{"embeddable":true,"href":"https:\/\/osananutraceutica.com\/index.php?rest_route=%2Fwp%2Fv2%2Fcomments&post=571"}],"wp:featuredmedia":[{"embeddable":true,"href":"https:\/\/osananutraceutica.com\/index.php?rest_route=\/wp\/v2\/media\/579"}],"wp:attachment":[{"href":"https:\/\/osananutraceutica.com\/index.php?rest_route=%2Fwp%2Fv2%2Fmedia&parent=571"}],"wp:term":[{"taxonomy":"product_brand","embeddable":true,"href":"https:\/\/osananutraceutica.com\/index.php?rest_route=%2Fwp%2Fv2%2Fproduct_brand&post=571"},{"taxonomy":"product_cat","embeddable":true,"href":"https:\/\/osananutraceutica.com\/index.php?rest_route=%2Fwp%2Fv2%2Fproduct_cat&post=571"},{"taxonomy":"product_tag","embeddable":true,"href":"https:\/\/osananutraceutica.com\/index.php?rest_route=%2Fwp%2Fv2%2Fproduct_tag&post=571"}],"curies":[{"name":"wp","href":"https:\/\/api.w.org\/{rel}","templated":true}]}}