{"id":570,"date":"2024-06-12T16:05:49","date_gmt":"2024-06-12T16:05:49","guid":{"rendered":"https:\/\/osananutraceutica.com\/?post_type=product&#038;p=570"},"modified":"2026-02-18T17:43:41","modified_gmt":"2026-02-18T17:43:41","slug":"dulces-suenos","status":"publish","type":"product","link":"https:\/\/osananutraceutica.com\/?product=dulces-suenos","title":{"rendered":"Dulces Sue\u00f1os"},"content":{"rendered":"<p>Dulces sue\u00f1os.<\/p>\n","protected":false},"excerpt":{"rendered":"<p><span data-sheets-root=\"1\" data-sheets-value=\"{&quot;1&quot;:2,&quot;2&quot;:&quot;Propiedades:\\r\\nCoadyuvante en el tratamiento de problemas de h\u00edgado. Rica en fibra, que ayuda a reducir la glucosa en sangre al tiempo que protege contra el estre\u00f1imiento. Posee fitosteroles, que contribuyen a controlar los niveles de colesterol en la sangre, es sutil en tratamientos para bajar de peso.\\r\\n\\r\\nContenido:\\r\\n- envase X 90 comprimidos\\r\\n\\r\\nREGISTRO SANITARIO INVIMA: NSA-0006910-2019&quot;}\" data-sheets-userformat=\"{&quot;2&quot;:897,&quot;3&quot;:{&quot;1&quot;:0},&quot;10&quot;:1,&quot;11&quot;:4,&quot;12&quot;:0}\"><strong>Propiedades:<\/strong><br \/>\n\u00ab\u00a1Disfruta de noches serenas con <strong>Dulces Sue\u00f1os<\/strong>! Nuestra esencia floral est\u00e1 formulada especialmente para ayudarte a conciliar el sue\u00f1o y renovar tu descanso. Rel\u00e1jate y deja atr\u00e1s el insomnio con la suave caricia de <strong>Dulces Sue\u00f1os<\/strong>, que te envuelve en una sensaci\u00f3n de paz y confort, asegurando un sue\u00f1o profundo y reparador. \u00a1Transforma tus noches y despierta renovado con <strong>Dulces Sue\u00f1os<\/strong>!\u00bb<br \/>\n<\/span><\/p>\n<p><strong>Contenido:<\/strong><br \/>\n\u2013 Envase X 30ml<\/p>\n<p><strong>REGISTRO SANITARIO INVIMA: <\/strong><\/p>\n<p>Este producto no requiere registro de invima Resoluci\u00f3n 1558 de 2023<\/p>\n","protected":false},"featured_media":578,"comment_status":"open","ping_status":"closed","template":"","meta":{"_eb_attr":""},"product_brand":[],"product_cat":[21],"product_tag":[],"class_list":{"0":"post-570","1":"product","2":"type-product","3":"status-publish","4":"has-post-thumbnail","6":"product_cat-esencias-florales","8":"first","9":"instock","10":"taxable","11":"shipping-taxable","12":"purchasable","13":"product-type-simple"},"_links":{"self":[{"href":"https:\/\/osananutraceutica.com\/index.php?rest_route=\/wp\/v2\/product\/570","targetHints":{"allow":["GET"]}}],"collection":[{"href":"https:\/\/osananutraceutica.com\/index.php?rest_route=\/wp\/v2\/product"}],"about":[{"href":"https:\/\/osananutraceutica.com\/index.php?rest_route=\/wp\/v2\/types\/product"}],"replies":[{"embeddable":true,"href":"https:\/\/osananutraceutica.com\/index.php?rest_route=%2Fwp%2Fv2%2Fcomments&post=570"}],"wp:featuredmedia":[{"embeddable":true,"href":"https:\/\/osananutraceutica.com\/index.php?rest_route=\/wp\/v2\/media\/578"}],"wp:attachment":[{"href":"https:\/\/osananutraceutica.com\/index.php?rest_route=%2Fwp%2Fv2%2Fmedia&parent=570"}],"wp:term":[{"taxonomy":"product_brand","embeddable":true,"href":"https:\/\/osananutraceutica.com\/index.php?rest_route=%2Fwp%2Fv2%2Fproduct_brand&post=570"},{"taxonomy":"product_cat","embeddable":true,"href":"https:\/\/osananutraceutica.com\/index.php?rest_route=%2Fwp%2Fv2%2Fproduct_cat&post=570"},{"taxonomy":"product_tag","embeddable":true,"href":"https:\/\/osananutraceutica.com\/index.php?rest_route=%2Fwp%2Fv2%2Fproduct_tag&post=570"}],"curies":[{"name":"wp","href":"https:\/\/api.w.org\/{rel}","templated":true}]}}