{"id":569,"date":"2024-06-12T16:05:52","date_gmt":"2024-06-12T16:05:52","guid":{"rendered":"https:\/\/osananutraceutica.com\/?post_type=product&#038;p=569"},"modified":"2026-02-18T17:38:33","modified_gmt":"2026-02-18T17:38:33","slug":"arnica-montana","status":"publish","type":"product","link":"https:\/\/osananutraceutica.com\/?product=arnica-montana","title":{"rendered":"\u00c1rnica Montana"},"content":{"rendered":"<p>\u00c1rnica Montana.<\/p>\n","protected":false},"excerpt":{"rendered":"<p><span data-sheets-root=\"1\" data-sheets-value=\"{&quot;1&quot;:2,&quot;2&quot;:&quot;Propiedades:\\r\\nCoadyuvante en el tratamiento de problemas de h\u00edgado. Rica en fibra, que ayuda a reducir la glucosa en sangre al tiempo que protege contra el estre\u00f1imiento. Posee fitosteroles, que contribuyen a controlar los niveles de colesterol en la sangre, es sutil en tratamientos para bajar de peso.\\r\\n\\r\\nContenido:\\r\\n- envase X 90 comprimidos\\r\\n\\r\\nREGISTRO SANITARIO INVIMA: NSA-0006910-2019&quot;}\" data-sheets-userformat=\"{&quot;2&quot;:897,&quot;3&quot;:{&quot;1&quot;:0},&quot;10&quot;:1,&quot;11&quot;:4,&quot;12&quot;:0}\"><strong>Propiedades:<\/strong><br \/>\n\u00a1Encuentra tu calma interior con la <strong>esencia floral de \u00c1rnica Montana<\/strong>! Dise\u00f1ada para armonizar tus emociones, esta esencia natural alivia tensiones y restaura tu equilibrio emocional. Perfecta para esos momentos de estr\u00e9s y ansiedad, la <strong>\u00c1rnica Montana<\/strong> te ofrece una serenidad renovada y una sensaci\u00f3n de bienestar que te acompa\u00f1a todo el d\u00eda. \u00a1Descubre el secreto de una mente en paz y un coraz\u00f3n tranquilo con la <strong>esencia floral de \u00c1rnica Montana<\/strong>!<br \/>\n<\/span><\/p>\n<p><strong>Contenido:<\/strong><br \/>\n\u2013 Envase X 30ml<\/p>\n<p><strong>REGISTRO SANITARIO INVIMA: <\/strong><\/p>\n<p>Este producto no requiere registro de invima Resoluci\u00f3n 1558 de 2023<\/p>\n","protected":false},"featured_media":577,"comment_status":"open","ping_status":"closed","template":"","meta":{"_eb_attr":""},"product_brand":[],"product_cat":[21],"product_tag":[],"class_list":{"0":"post-569","1":"product","2":"type-product","3":"status-publish","4":"has-post-thumbnail","6":"product_cat-esencias-florales","8":"first","9":"instock","10":"taxable","11":"shipping-taxable","12":"purchasable","13":"product-type-simple"},"_links":{"self":[{"href":"https:\/\/osananutraceutica.com\/index.php?rest_route=\/wp\/v2\/product\/569","targetHints":{"allow":["GET"]}}],"collection":[{"href":"https:\/\/osananutraceutica.com\/index.php?rest_route=\/wp\/v2\/product"}],"about":[{"href":"https:\/\/osananutraceutica.com\/index.php?rest_route=\/wp\/v2\/types\/product"}],"replies":[{"embeddable":true,"href":"https:\/\/osananutraceutica.com\/index.php?rest_route=%2Fwp%2Fv2%2Fcomments&post=569"}],"wp:featuredmedia":[{"embeddable":true,"href":"https:\/\/osananutraceutica.com\/index.php?rest_route=\/wp\/v2\/media\/577"}],"wp:attachment":[{"href":"https:\/\/osananutraceutica.com\/index.php?rest_route=%2Fwp%2Fv2%2Fmedia&parent=569"}],"wp:term":[{"taxonomy":"product_brand","embeddable":true,"href":"https:\/\/osananutraceutica.com\/index.php?rest_route=%2Fwp%2Fv2%2Fproduct_brand&post=569"},{"taxonomy":"product_cat","embeddable":true,"href":"https:\/\/osananutraceutica.com\/index.php?rest_route=%2Fwp%2Fv2%2Fproduct_cat&post=569"},{"taxonomy":"product_tag","embeddable":true,"href":"https:\/\/osananutraceutica.com\/index.php?rest_route=%2Fwp%2Fv2%2Fproduct_tag&post=569"}],"curies":[{"name":"wp","href":"https:\/\/api.w.org\/{rel}","templated":true}]}}