{"id":566,"date":"2024-06-12T16:08:56","date_gmt":"2024-06-12T16:08:56","guid":{"rendered":"https:\/\/osananutraceutica.com\/?post_type=product&#038;p=566"},"modified":"2026-03-12T10:36:57","modified_gmt":"2026-03-12T10:36:57","slug":"melena-de-leon","status":"publish","type":"product","link":"https:\/\/osananutraceutica.com\/?product=melena-de-leon","title":{"rendered":"Melena de Le\u00f3n"},"content":{"rendered":"","protected":false},"excerpt":{"rendered":"<div class=\"woocommerce-product-details__short-description\">\n<p>La melena de le\u00f3n es un hongo con potentes beneficios para la salud cerebral y el sistema nervioso. Favorece la concentraci\u00f3n, la memoria y el aprendizaje, ayudando a prevenir el deterioro cognitivo. Adem\u00e1s, contribuye a la regeneraci\u00f3n de los nervios y al bienestar digestivo, promoviendo un equilibrio intestinal saludable. Su alto contenido de antioxidantes fortalece el sistema inmunol\u00f3gico y combate la inflamaci\u00f3n<\/p>\n<\/div>\n","protected":false},"featured_media":676,"comment_status":"open","ping_status":"closed","template":"","meta":{"_eb_attr":""},"product_brand":[],"product_cat":[16],"product_tag":[],"class_list":{"0":"post-566","1":"product","2":"type-product","3":"status-publish","4":"has-post-thumbnail","6":"product_cat-pastilleros","8":"first","9":"instock","10":"taxable","11":"shipping-taxable","12":"purchasable","13":"product-type-simple"},"_links":{"self":[{"href":"https:\/\/osananutraceutica.com\/index.php?rest_route=\/wp\/v2\/product\/566","targetHints":{"allow":["GET"]}}],"collection":[{"href":"https:\/\/osananutraceutica.com\/index.php?rest_route=\/wp\/v2\/product"}],"about":[{"href":"https:\/\/osananutraceutica.com\/index.php?rest_route=\/wp\/v2\/types\/product"}],"replies":[{"embeddable":true,"href":"https:\/\/osananutraceutica.com\/index.php?rest_route=%2Fwp%2Fv2%2Fcomments&post=566"}],"wp:featuredmedia":[{"embeddable":true,"href":"https:\/\/osananutraceutica.com\/index.php?rest_route=\/wp\/v2\/media\/676"}],"wp:attachment":[{"href":"https:\/\/osananutraceutica.com\/index.php?rest_route=%2Fwp%2Fv2%2Fmedia&parent=566"}],"wp:term":[{"taxonomy":"product_brand","embeddable":true,"href":"https:\/\/osananutraceutica.com\/index.php?rest_route=%2Fwp%2Fv2%2Fproduct_brand&post=566"},{"taxonomy":"product_cat","embeddable":true,"href":"https:\/\/osananutraceutica.com\/index.php?rest_route=%2Fwp%2Fv2%2Fproduct_cat&post=566"},{"taxonomy":"product_tag","embeddable":true,"href":"https:\/\/osananutraceutica.com\/index.php?rest_route=%2Fwp%2Fv2%2Fproduct_tag&post=566"}],"curies":[{"name":"wp","href":"https:\/\/api.w.org\/{rel}","templated":true}]}}