{"id":546,"date":"2024-06-12T14:37:33","date_gmt":"2024-06-12T14:37:33","guid":{"rendered":"https:\/\/osananutraceutica.com\/?post_type=product&#038;p=546"},"modified":"2026-02-18T19:50:40","modified_gmt":"2026-02-18T19:50:40","slug":"circumax","status":"publish","type":"product","link":"https:\/\/osananutraceutica.com\/?product=circumax","title":{"rendered":"Circumax"},"content":{"rendered":"<p>Circumax.<\/p>\n","protected":false},"excerpt":{"rendered":"<div class=\"woocommerce-product-details__short-description\">\n<p><span data-sheets-root=\"1\" data-sheets-value=\"{&quot;1&quot;:2,&quot;2&quot;:&quot;Propiedades:\\nAyuda a combatir radicales libres que da\u00f1an las c\u00e9lulas. Y a la estimulaci\u00f3n de las defensas naturales del cuerpo. \u00datil en temas de dolores artr\u00edticos y musculares, el alto consumo de c\u00farcuma contribuye a la salud del cerebro\\n\\nContenido:\\n- envase X 90 comprimidos\\n\\nREGISTRO SANITARIO INVIMA: NSA-0010928-2021&quot;}\" data-sheets-userformat=\"{&quot;2&quot;:897,&quot;3&quot;:{&quot;1&quot;:0},&quot;10&quot;:1,&quot;11&quot;:4,&quot;12&quot;:0}\"><strong>Propiedades:<\/strong><br \/>\nBebida a base de ajo y perejil: Mejora tu circulaci\u00f3n y apoya tu coraz\u00f3n con cada dosis.<br \/>\n\u00a1Prueba Circumax hoy y si\u00e9ntete lleno de energ\u00eda!<br \/>\n<\/span><\/p>\n<p><strong>Contenido:<\/strong><br \/>\n\u2013 Envase X 360 ml<\/p>\n<p><strong>REGISTRO SANITARIO INVIMA:<\/strong><\/p>\n<\/div>\n","protected":false},"featured_media":551,"comment_status":"open","ping_status":"closed","template":"","meta":{"_eb_attr":""},"product_brand":[],"product_cat":[15],"product_tag":[],"class_list":{"0":"post-546","1":"product","2":"type-product","3":"status-publish","4":"has-post-thumbnail","6":"product_cat-jarabes","8":"first","9":"instock","10":"taxable","11":"shipping-taxable","12":"purchasable","13":"product-type-simple"},"_links":{"self":[{"href":"https:\/\/osananutraceutica.com\/index.php?rest_route=\/wp\/v2\/product\/546","targetHints":{"allow":["GET"]}}],"collection":[{"href":"https:\/\/osananutraceutica.com\/index.php?rest_route=\/wp\/v2\/product"}],"about":[{"href":"https:\/\/osananutraceutica.com\/index.php?rest_route=\/wp\/v2\/types\/product"}],"replies":[{"embeddable":true,"href":"https:\/\/osananutraceutica.com\/index.php?rest_route=%2Fwp%2Fv2%2Fcomments&post=546"}],"wp:featuredmedia":[{"embeddable":true,"href":"https:\/\/osananutraceutica.com\/index.php?rest_route=\/wp\/v2\/media\/551"}],"wp:attachment":[{"href":"https:\/\/osananutraceutica.com\/index.php?rest_route=%2Fwp%2Fv2%2Fmedia&parent=546"}],"wp:term":[{"taxonomy":"product_brand","embeddable":true,"href":"https:\/\/osananutraceutica.com\/index.php?rest_route=%2Fwp%2Fv2%2Fproduct_brand&post=546"},{"taxonomy":"product_cat","embeddable":true,"href":"https:\/\/osananutraceutica.com\/index.php?rest_route=%2Fwp%2Fv2%2Fproduct_cat&post=546"},{"taxonomy":"product_tag","embeddable":true,"href":"https:\/\/osananutraceutica.com\/index.php?rest_route=%2Fwp%2Fv2%2Fproduct_tag&post=546"}],"curies":[{"name":"wp","href":"https:\/\/api.w.org\/{rel}","templated":true}]}}