{"id":247,"date":"2024-02-24T21:08:06","date_gmt":"2024-02-24T21:08:06","guid":{"rendered":"https:\/\/osananutraceutica.com\/?post_type=product&#038;p=247"},"modified":"2026-02-18T20:07:51","modified_gmt":"2026-02-18T20:07:51","slug":"citrato-de-magnesio-polvo","status":"publish","type":"product","link":"https:\/\/osananutraceutica.com\/?product=citrato-de-magnesio-polvo","title":{"rendered":"Citrato de Magnesio Polvo"},"content":{"rendered":"<p><span data-sheets-root=\"1\" data-sheets-value=\"{&quot;1&quot;:2,&quot;2&quot;:&quot;Citrato de Magnesio Polvo\\r\\n&quot;}\" data-sheets-userformat=\"{&quot;2&quot;:961,&quot;3&quot;:{&quot;1&quot;:0},&quot;9&quot;:1,&quot;10&quot;:1,&quot;11&quot;:4,&quot;12&quot;:0}\">Citrato de magnesio en polvo.<br \/>\n<\/span><\/p>\n","protected":false},"excerpt":{"rendered":"<p><strong>Propiedades:<\/strong><br \/>\nPoderoso complemento alimenticio compuesto de citrato de magnesio y \u00f3xido de magnesio; ayuda a reforzar y proteger los huesos, as\u00ed como a facilitar la funci\u00f3n muscular del organismo.<\/p>\n<p><strong>Contenido:<\/strong><br \/>\n&#8211; Envase x 500\u202fg<\/p>\n<p><strong>REGISTRO SANITARIO INVIMA:<\/strong> RSA-003183-2017<\/p>\n","protected":false},"featured_media":557,"comment_status":"open","ping_status":"closed","template":"","meta":{"_eb_attr":""},"product_brand":[],"product_cat":[18],"product_tag":[],"class_list":{"0":"post-247","1":"product","2":"type-product","3":"status-publish","4":"has-post-thumbnail","6":"product_cat-pulverizados","8":"first","9":"instock","10":"taxable","11":"shipping-taxable","12":"purchasable","13":"product-type-simple"},"_links":{"self":[{"href":"https:\/\/osananutraceutica.com\/index.php?rest_route=\/wp\/v2\/product\/247","targetHints":{"allow":["GET"]}}],"collection":[{"href":"https:\/\/osananutraceutica.com\/index.php?rest_route=\/wp\/v2\/product"}],"about":[{"href":"https:\/\/osananutraceutica.com\/index.php?rest_route=\/wp\/v2\/types\/product"}],"replies":[{"embeddable":true,"href":"https:\/\/osananutraceutica.com\/index.php?rest_route=%2Fwp%2Fv2%2Fcomments&post=247"}],"wp:featuredmedia":[{"embeddable":true,"href":"https:\/\/osananutraceutica.com\/index.php?rest_route=\/wp\/v2\/media\/557"}],"wp:attachment":[{"href":"https:\/\/osananutraceutica.com\/index.php?rest_route=%2Fwp%2Fv2%2Fmedia&parent=247"}],"wp:term":[{"taxonomy":"product_brand","embeddable":true,"href":"https:\/\/osananutraceutica.com\/index.php?rest_route=%2Fwp%2Fv2%2Fproduct_brand&post=247"},{"taxonomy":"product_cat","embeddable":true,"href":"https:\/\/osananutraceutica.com\/index.php?rest_route=%2Fwp%2Fv2%2Fproduct_cat&post=247"},{"taxonomy":"product_tag","embeddable":true,"href":"https:\/\/osananutraceutica.com\/index.php?rest_route=%2Fwp%2Fv2%2Fproduct_tag&post=247"}],"curies":[{"name":"wp","href":"https:\/\/api.w.org\/{rel}","templated":true}]}}