{"id":243,"date":"2024-02-24T21:06:05","date_gmt":"2024-02-24T21:06:05","guid":{"rendered":"https:\/\/osananutraceutica.com\/?post_type=product&#038;p=243"},"modified":"2026-03-16T00:36:38","modified_gmt":"2026-03-16T00:36:38","slug":"colageno-2","status":"publish","type":"product","link":"https:\/\/osananutraceutica.com\/?product=colageno-2","title":{"rendered":"Col\u00e1geno"},"content":{"rendered":"<p><span data-sheets-root=\"1\" data-sheets-value=\"{&quot;1&quot;:2,&quot;2&quot;:&quot;El col\u00e1geno hidrolizado es un suplemento nutricional que ayuda al cuerpo a incrementar los niveles de producci\u00f3n de col\u00e1geno. Este pasa por un proceso de hidrolizaci\u00f3n, el cual reduce su tama\u00f1o molecular y permite que la absorci\u00f3n y asimilaci\u00f3n en el cuerpo sea mucho m\u00e1s f\u00e1cil.\\n\\n- Aporta elasticidad e hidrataci\u00f3n en la piel\\n- Ayudando a fortalecer el pelo y las u\u00f1as\\n- Fortalece las articulaciones\\n- Previene las arrugas, celulitis y estr\u00edas&quot;}\" data-sheets-userformat=\"{&quot;2&quot;:897,&quot;3&quot;:{&quot;1&quot;:0},&quot;10&quot;:1,&quot;11&quot;:4,&quot;12&quot;:0}\">El col\u00e1geno hidrolizado es un suplemento nutricional que ayuda al cuerpo a incrementar los niveles de producci\u00f3n de col\u00e1geno. Este pasa por un proceso de hidrolizaci\u00f3n, el cual reduce su tama\u00f1o molecular y permite que la absorci\u00f3n y asimilaci\u00f3n en el cuerpo sea mucho m\u00e1s f\u00e1cil.<\/span><\/p>\n<p>&#8211; Aporta elasticidad e hidrataci\u00f3n en la piel<br \/>\n&#8211; Ayudando a fortalecer el pelo y las u\u00f1as<br \/>\n&#8211; Fortalece las articulaciones<br \/>\n&#8211; Previene las arrugas, celulitis y estr\u00edas<\/p>\n","protected":false},"excerpt":{"rendered":"<p><span data-sheets-root=\"1\" data-sheets-value=\"{&quot;1&quot;:2,&quot;2&quot;:&quot;Contenido:\\n- Envase x 700\u202fg\\n\\nREGISTRO SANITARIO INVIMA: RSA-003183-2017\\n&quot;}\" data-sheets-userformat=\"{&quot;2&quot;:897,&quot;3&quot;:{&quot;1&quot;:0},&quot;10&quot;:1,&quot;11&quot;:4,&quot;12&quot;:0}\"><strong>Contenido:<\/strong><br \/>\n&#8211; Envase x 700\u202fg<\/span><\/p>\n<p><strong>REGISTRO SANITARIO INVIMA:<\/strong> RSA-003183-2017<\/p>\n","protected":false},"featured_media":556,"comment_status":"open","ping_status":"closed","template":"","meta":{"_eb_attr":""},"product_brand":[],"product_cat":[18],"product_tag":[],"class_list":{"0":"post-243","1":"product","2":"type-product","3":"status-publish","4":"has-post-thumbnail","6":"product_cat-pulverizados","8":"first","9":"instock","10":"taxable","11":"shipping-taxable","12":"purchasable","13":"product-type-simple"},"_links":{"self":[{"href":"https:\/\/osananutraceutica.com\/index.php?rest_route=\/wp\/v2\/product\/243","targetHints":{"allow":["GET"]}}],"collection":[{"href":"https:\/\/osananutraceutica.com\/index.php?rest_route=\/wp\/v2\/product"}],"about":[{"href":"https:\/\/osananutraceutica.com\/index.php?rest_route=\/wp\/v2\/types\/product"}],"replies":[{"embeddable":true,"href":"https:\/\/osananutraceutica.com\/index.php?rest_route=%2Fwp%2Fv2%2Fcomments&post=243"}],"wp:featuredmedia":[{"embeddable":true,"href":"https:\/\/osananutraceutica.com\/index.php?rest_route=\/wp\/v2\/media\/556"}],"wp:attachment":[{"href":"https:\/\/osananutraceutica.com\/index.php?rest_route=%2Fwp%2Fv2%2Fmedia&parent=243"}],"wp:term":[{"taxonomy":"product_brand","embeddable":true,"href":"https:\/\/osananutraceutica.com\/index.php?rest_route=%2Fwp%2Fv2%2Fproduct_brand&post=243"},{"taxonomy":"product_cat","embeddable":true,"href":"https:\/\/osananutraceutica.com\/index.php?rest_route=%2Fwp%2Fv2%2Fproduct_cat&post=243"},{"taxonomy":"product_tag","embeddable":true,"href":"https:\/\/osananutraceutica.com\/index.php?rest_route=%2Fwp%2Fv2%2Fproduct_tag&post=243"}],"curies":[{"name":"wp","href":"https:\/\/api.w.org\/{rel}","templated":true}]}}