{"id":241,"date":"2024-02-24T21:05:19","date_gmt":"2024-02-24T21:05:19","guid":{"rendered":"https:\/\/osananutraceutica.com\/?post_type=product&#038;p=241"},"modified":"2026-03-24T14:59:43","modified_gmt":"2026-03-24T14:59:43","slug":"linasure","status":"publish","type":"product","link":"https:\/\/osananutraceutica.com\/?product=linasure","title":{"rendered":"Linasure"},"content":{"rendered":"<p><strong>Contenido:<\/strong><br \/>\nEnvase x 400\u202fg<br \/>\n<strong>REGISTRO SANITARIO INVIMA:<\/strong> RSAJ10I10214<\/p>\n<p><span data-sheets-root=\"1\" data-sheets-value=\"{&quot;1&quot;:2,&quot;2&quot;:&quot;Mezcla en polvo rico en fibra con:\\n- Linaza\\n- Psyllium\\n- Salvado de trigo\\n- Germen de trigo\\n- Fibra de avena\\n- Fibra de naranja\\n- Fibra de trigo\\n- Fibra de manzana\\n- Fibra de pin\u0303a\\n- Inulina\\n- FOS (Fructooligosacaridos)\\n- Vitamina C\\n- Vitamina E\\n- Vitamina B6&quot;}\" data-sheets-userformat=\"{&quot;2&quot;:897,&quot;3&quot;:{&quot;1&quot;:0},&quot;10&quot;:1,&quot;11&quot;:4,&quot;12&quot;:0}\">sin azucare<\/span><span data-sheets-root=\"1\" data-sheets-value=\"{&quot;1&quot;:2,&quot;2&quot;:&quot;Mezcla en polvo rico en fibra con:\\n- Linaza\\n- Psyllium\\n- Salvado de trigo\\n- Germen de trigo\\n- Fibra de avena\\n- Fibra de naranja\\n- Fibra de trigo\\n- Fibra de manzana\\n- Fibra de pin\u0303a\\n- Inulina\\n- FOS (Fructooligosacaridos)\\n- Vitamina C\\n- Vitamina E\\n- Vitamina B6&quot;}\" data-sheets-userformat=\"{&quot;2&quot;:897,&quot;3&quot;:{&quot;1&quot;:0},&quot;10&quot;:1,&quot;11&quot;:4,&quot;12&quot;:0}\">s<\/span><\/p>\n","protected":false},"excerpt":{"rendered":"<p><strong data-start=\"100\" data-end=\"143\">Linasure<\/strong><\/p>\n<p class=\"\" data-start=\"241\" data-end=\"554\">\u00bfBuscas sentirte m\u00e1s liviano, con m\u00e1s bienestar y equilibrio cada d\u00eda? Linasure es una fibra natural dise\u00f1ada para acompa\u00f1arte en ese prop\u00f3sito. Gracias a su f\u00f3rmula sin az\u00facares a\u00f1adidos y de f\u00e1cil preparaci\u00f3n, se convierte en un aliado ideal para quienes desean mantener una rutina saludable sin complicaciones.<\/p>\n<p class=\"\" data-start=\"556\" data-end=\"898\">El estilo de vida actual muchas veces nos aleja de una alimentaci\u00f3n balanceada, lo que puede generar sensaci\u00f3n de pesadez o desorden en nuestro bienestar general. Linasure te ofrece una forma pr\u00e1ctica de apoyar tu alimentaci\u00f3n diaria, favoreciendo los procesos naturales del cuerpo y ayud\u00e1ndote a mantener una sensaci\u00f3n de ligereza constante.<\/p>\n<p class=\"\" data-start=\"900\" data-end=\"1201\">Puedes incluirlo f\u00e1cilmente en tu rutina diaria: basta con disolverlo en agua, jugos o batidos, y en pocos minutos estar\u00e1s nutriendo tu cuerpo con una fuente de fibra suave y efectiva. Es ideal para todas las edades y especialmente \u00fatil en momentos donde buscas reconectarte con tu bienestar interior.<\/p>\n<p class=\"\" data-start=\"1203\" data-end=\"1411\">Con Linasure, cuidar de ti es m\u00e1s f\u00e1cil. Suma este gesto simple a tu d\u00eda a d\u00eda y siente la diferencia de mantenerte en equilibrio, de forma natural. \u00a1Porque sentirse bien tambi\u00e9n puede ser parte de tu rutina!<\/p>\n<p>&nbsp;<\/p>\n","protected":false},"featured_media":559,"comment_status":"open","ping_status":"closed","template":"","meta":{"_eb_attr":""},"product_brand":[],"product_cat":[18],"product_tag":[],"class_list":{"0":"post-241","1":"product","2":"type-product","3":"status-publish","4":"has-post-thumbnail","6":"product_cat-pulverizados","8":"first","9":"instock","10":"taxable","11":"shipping-taxable","12":"purchasable","13":"product-type-simple"},"_links":{"self":[{"href":"https:\/\/osananutraceutica.com\/index.php?rest_route=\/wp\/v2\/product\/241","targetHints":{"allow":["GET"]}}],"collection":[{"href":"https:\/\/osananutraceutica.com\/index.php?rest_route=\/wp\/v2\/product"}],"about":[{"href":"https:\/\/osananutraceutica.com\/index.php?rest_route=\/wp\/v2\/types\/product"}],"replies":[{"embeddable":true,"href":"https:\/\/osananutraceutica.com\/index.php?rest_route=%2Fwp%2Fv2%2Fcomments&post=241"}],"wp:featuredmedia":[{"embeddable":true,"href":"https:\/\/osananutraceutica.com\/index.php?rest_route=\/wp\/v2\/media\/559"}],"wp:attachment":[{"href":"https:\/\/osananutraceutica.com\/index.php?rest_route=%2Fwp%2Fv2%2Fmedia&parent=241"}],"wp:term":[{"taxonomy":"product_brand","embeddable":true,"href":"https:\/\/osananutraceutica.com\/index.php?rest_route=%2Fwp%2Fv2%2Fproduct_brand&post=241"},{"taxonomy":"product_cat","embeddable":true,"href":"https:\/\/osananutraceutica.com\/index.php?rest_route=%2Fwp%2Fv2%2Fproduct_cat&post=241"},{"taxonomy":"product_tag","embeddable":true,"href":"https:\/\/osananutraceutica.com\/index.php?rest_route=%2Fwp%2Fv2%2Fproduct_tag&post=241"}],"curies":[{"name":"wp","href":"https:\/\/api.w.org\/{rel}","templated":true}]}}