{"id":235,"date":"2024-02-24T21:03:15","date_gmt":"2024-02-24T21:03:15","guid":{"rendered":"https:\/\/osananutraceutica.com\/?post_type=product&#038;p=235"},"modified":"2026-02-18T20:20:07","modified_gmt":"2026-02-18T20:20:07","slug":"gel-castano-de-indias","status":"publish","type":"product","link":"https:\/\/osananutraceutica.com\/?product=gel-castano-de-indias","title":{"rendered":"Gel Casta\u00f1o de Indias"},"content":{"rendered":"<p>Casta\u00f1o de indias, Hamamelis y Centella Asi\u00e1tica.<\/p>\n","protected":false},"excerpt":{"rendered":"<p><span data-sheets-root=\"1\" data-sheets-value=\"{&quot;1&quot;:2,&quot;2&quot;:&quot;Propiedades:\\nContiene agentes naturales que mejoran el aspecto de la piel.\\nAct\u00faa como un antiinflamatorio, evitando el cansancio y la aparici\u00f3n de vena v\u00e1rice en la piel.\\n\\nContenido:\\n- Envase x 60 g\\n\\nREGISTRO SANITARIO INVIMA: NSOC03207-20CO&quot;}\" data-sheets-userformat=\"{&quot;2&quot;:897,&quot;3&quot;:{&quot;1&quot;:0},&quot;10&quot;:1,&quot;11&quot;:4,&quot;12&quot;:0}\"><strong>Propiedades:<\/strong><br \/>\nContiene agentes naturales que mejoran el aspecto de la piel.<br \/>\nAct\u00faa como un antiinflamatorio, evitando el cansancio y la aparici\u00f3n de vena v\u00e1rice en la piel.<\/span><\/p>\n<p><strong>Contenido:<\/strong><br \/>\n&#8211; Envase x 60 g<\/p>\n<p><strong>REGISTRO SANITARIO INVIMA:<\/strong> NSOC03207-20CO<\/p>\n","protected":false},"featured_media":587,"comment_status":"open","ping_status":"closed","template":"","meta":{"_eb_attr":""},"product_brand":[],"product_cat":[17],"product_tag":[],"class_list":{"0":"post-235","1":"product","2":"type-product","3":"status-publish","4":"has-post-thumbnail","6":"product_cat-cosmeticos","8":"first","9":"instock","10":"taxable","11":"shipping-taxable","12":"purchasable","13":"product-type-simple"},"_links":{"self":[{"href":"https:\/\/osananutraceutica.com\/index.php?rest_route=\/wp\/v2\/product\/235","targetHints":{"allow":["GET"]}}],"collection":[{"href":"https:\/\/osananutraceutica.com\/index.php?rest_route=\/wp\/v2\/product"}],"about":[{"href":"https:\/\/osananutraceutica.com\/index.php?rest_route=\/wp\/v2\/types\/product"}],"replies":[{"embeddable":true,"href":"https:\/\/osananutraceutica.com\/index.php?rest_route=%2Fwp%2Fv2%2Fcomments&post=235"}],"wp:featuredmedia":[{"embeddable":true,"href":"https:\/\/osananutraceutica.com\/index.php?rest_route=\/wp\/v2\/media\/587"}],"wp:attachment":[{"href":"https:\/\/osananutraceutica.com\/index.php?rest_route=%2Fwp%2Fv2%2Fmedia&parent=235"}],"wp:term":[{"taxonomy":"product_brand","embeddable":true,"href":"https:\/\/osananutraceutica.com\/index.php?rest_route=%2Fwp%2Fv2%2Fproduct_brand&post=235"},{"taxonomy":"product_cat","embeddable":true,"href":"https:\/\/osananutraceutica.com\/index.php?rest_route=%2Fwp%2Fv2%2Fproduct_cat&post=235"},{"taxonomy":"product_tag","embeddable":true,"href":"https:\/\/osananutraceutica.com\/index.php?rest_route=%2Fwp%2Fv2%2Fproduct_tag&post=235"}],"curies":[{"name":"wp","href":"https:\/\/api.w.org\/{rel}","templated":true}]}}