{"id":233,"date":"2024-02-24T21:02:28","date_gmt":"2024-02-24T21:02:28","guid":{"rendered":"https:\/\/osananutraceutica.com\/?post_type=product&#038;p=233"},"modified":"2026-02-18T20:28:49","modified_gmt":"2026-02-18T20:28:49","slug":"gel-calendula","status":"publish","type":"product","link":"https:\/\/osananutraceutica.com\/?product=gel-calendula","title":{"rendered":"Gel Cal\u00e9ndula"},"content":{"rendered":"<p>Calendula, \u00c1rnica y Centella Asi\u00e1tica.<\/p>\n","protected":false},"excerpt":{"rendered":"<p><strong>Propiedades:<\/strong><br \/>\nAyuda a curar heridas, estimula la acci\u00f3n cicatrizante y regenera la piel da\u00f1ada. \u00datil en quemaduras no muy graves, escaldaduras y roces; ayuda, reduce la inflamaci\u00f3n y favorece la regeneraci\u00f3n de la piel.<\/p>\n<p><strong>Contenido:<\/strong><br \/>\n&#8211; Envase x 60 g<\/p>\n<p><strong>REGISTRO SANITARIO INVIMA:<\/strong> NSOC03207-20CO<\/p>\n","protected":false},"featured_media":586,"comment_status":"open","ping_status":"closed","template":"","meta":{"_eb_attr":""},"product_brand":[],"product_cat":[17],"product_tag":[],"class_list":{"0":"post-233","1":"product","2":"type-product","3":"status-publish","4":"has-post-thumbnail","6":"product_cat-cosmeticos","8":"first","9":"instock","10":"taxable","11":"shipping-taxable","12":"purchasable","13":"product-type-simple"},"_links":{"self":[{"href":"https:\/\/osananutraceutica.com\/index.php?rest_route=\/wp\/v2\/product\/233","targetHints":{"allow":["GET"]}}],"collection":[{"href":"https:\/\/osananutraceutica.com\/index.php?rest_route=\/wp\/v2\/product"}],"about":[{"href":"https:\/\/osananutraceutica.com\/index.php?rest_route=\/wp\/v2\/types\/product"}],"replies":[{"embeddable":true,"href":"https:\/\/osananutraceutica.com\/index.php?rest_route=%2Fwp%2Fv2%2Fcomments&post=233"}],"wp:featuredmedia":[{"embeddable":true,"href":"https:\/\/osananutraceutica.com\/index.php?rest_route=\/wp\/v2\/media\/586"}],"wp:attachment":[{"href":"https:\/\/osananutraceutica.com\/index.php?rest_route=%2Fwp%2Fv2%2Fmedia&parent=233"}],"wp:term":[{"taxonomy":"product_brand","embeddable":true,"href":"https:\/\/osananutraceutica.com\/index.php?rest_route=%2Fwp%2Fv2%2Fproduct_brand&post=233"},{"taxonomy":"product_cat","embeddable":true,"href":"https:\/\/osananutraceutica.com\/index.php?rest_route=%2Fwp%2Fv2%2Fproduct_cat&post=233"},{"taxonomy":"product_tag","embeddable":true,"href":"https:\/\/osananutraceutica.com\/index.php?rest_route=%2Fwp%2Fv2%2Fproduct_tag&post=233"}],"curies":[{"name":"wp","href":"https:\/\/api.w.org\/{rel}","templated":true}]}}