{"id":227,"date":"2024-02-24T20:44:05","date_gmt":"2024-02-24T20:44:05","guid":{"rendered":"https:\/\/osananutraceutica.com\/?post_type=product&#038;p=227"},"modified":"2026-02-23T21:05:10","modified_gmt":"2026-02-23T21:05:10","slug":"calendula","status":"publish","type":"product","link":"https:\/\/osananutraceutica.com\/?product=calendula","title":{"rendered":"Cal\u00e9ndula"},"content":{"rendered":"<p><span data-sheets-root=\"1\" data-sheets-value=\"{&quot;1&quot;:2,&quot;2&quot;:&quot;Cal\u00e9ndula&quot;}\" data-sheets-userformat=\"{&quot;2&quot;:961,&quot;3&quot;:{&quot;1&quot;:0},&quot;9&quot;:1,&quot;10&quot;:1,&quot;11&quot;:4,&quot;12&quot;:0}\">Cal\u00e9ndula.<\/span><\/p>\n","protected":false},"excerpt":{"rendered":"<p><span data-sheets-root=\"1\" data-sheets-value=\"{&quot;1&quot;:2,&quot;2&quot;:&quot;Propiedades:\\r\\nFortalece la piel protegi\u00e9ndola de agresiones externas y aumentando la producci\u00f3n del col\u00e1geno. Reduce la proliferaci\u00f3n de hongos y bacterias que puede producirse en heridas o en otras partes del cuerpo, ya sea por humedad o por la contracci\u00f3n de hongos por v\u00eda t\u00f3pica.\\r\\n\\r\\nContenido:\\r\\n- envase X 90 c\u00e1psulas\\r\\n- ESENCIA FLORAL&quot;}\" data-sheets-userformat=\"{&quot;2&quot;:897,&quot;3&quot;:{&quot;1&quot;:0},&quot;10&quot;:1,&quot;11&quot;:4,&quot;12&quot;:0}\"><strong>Propiedades:<\/strong><br \/>\nFortalece la piel protegi\u00e9ndola de agresiones externas y aumentando la producci\u00f3n del col\u00e1geno. Reduce la proliferaci\u00f3n de hongos y bacterias que puede producirse en heridas o en otras partes del cuerpo, ya sea por humedad o por la contracci\u00f3n de hongos por v\u00eda t\u00f3pica.<\/span><\/p>\n<p><strong>Contenido:<\/strong><br \/>\n&#8211; Envase x 90 c\u00e1psulas<br \/>\n&#8211; Esencia Floral<\/p>\n","protected":false},"featured_media":283,"comment_status":"open","ping_status":"closed","template":"","meta":{"_eb_attr":""},"product_brand":[],"product_cat":[16],"product_tag":[],"class_list":{"0":"post-227","1":"product","2":"type-product","3":"status-publish","4":"has-post-thumbnail","6":"product_cat-pastilleros","8":"first","9":"instock","10":"taxable","11":"shipping-taxable","12":"purchasable","13":"product-type-simple"},"_links":{"self":[{"href":"https:\/\/osananutraceutica.com\/index.php?rest_route=\/wp\/v2\/product\/227","targetHints":{"allow":["GET"]}}],"collection":[{"href":"https:\/\/osananutraceutica.com\/index.php?rest_route=\/wp\/v2\/product"}],"about":[{"href":"https:\/\/osananutraceutica.com\/index.php?rest_route=\/wp\/v2\/types\/product"}],"replies":[{"embeddable":true,"href":"https:\/\/osananutraceutica.com\/index.php?rest_route=%2Fwp%2Fv2%2Fcomments&post=227"}],"wp:featuredmedia":[{"embeddable":true,"href":"https:\/\/osananutraceutica.com\/index.php?rest_route=\/wp\/v2\/media\/283"}],"wp:attachment":[{"href":"https:\/\/osananutraceutica.com\/index.php?rest_route=%2Fwp%2Fv2%2Fmedia&parent=227"}],"wp:term":[{"taxonomy":"product_brand","embeddable":true,"href":"https:\/\/osananutraceutica.com\/index.php?rest_route=%2Fwp%2Fv2%2Fproduct_brand&post=227"},{"taxonomy":"product_cat","embeddable":true,"href":"https:\/\/osananutraceutica.com\/index.php?rest_route=%2Fwp%2Fv2%2Fproduct_cat&post=227"},{"taxonomy":"product_tag","embeddable":true,"href":"https:\/\/osananutraceutica.com\/index.php?rest_route=%2Fwp%2Fv2%2Fproduct_tag&post=227"}],"curies":[{"name":"wp","href":"https:\/\/api.w.org\/{rel}","templated":true}]}}