{"id":223,"date":"2024-02-24T20:41:15","date_gmt":"2024-02-24T20:41:15","guid":{"rendered":"https:\/\/osananutraceutica.com\/?post_type=product&#038;p=223"},"modified":"2026-02-18T20:37:02","modified_gmt":"2026-02-18T20:37:02","slug":"citrato-de-magnesio","status":"publish","type":"product","link":"https:\/\/osananutraceutica.com\/?product=citrato-de-magnesio","title":{"rendered":"Citrato de Magnesio"},"content":{"rendered":"<p>Citrato de Magnesio.<\/p>\n","protected":false},"excerpt":{"rendered":"<p><span data-sheets-root=\"1\" data-sheets-value=\"{&quot;1&quot;:2,&quot;2&quot;:&quot;Propiedades:\\r\\nPoderoso complemento alimenticio compuesto de citrato de magnesio y \u00f3xido de magnesio ayuda a reforzar y proteger los huesos, as\u00ed como para facilitar la funci\u00f3n muscular del organismo.\\r\\n\\r\\nContenido:\\r\\n- envase X 90 c\u00e1psulas\\r\\n- ESENCIA MINERAL&quot;}\" data-sheets-userformat=\"{&quot;2&quot;:897,&quot;3&quot;:{&quot;1&quot;:0},&quot;10&quot;:1,&quot;11&quot;:4,&quot;12&quot;:0}\"><strong>Propiedades:<\/strong><br \/>\nPoderoso complemento alimenticio compuesto de citrato de magnesio y \u00f3xido de magnesio; ayuda a reforzar y proteger los huesos, as\u00ed como a facilitar la funci\u00f3n muscular del organismo.<\/span><\/p>\n<p><strong>Contenido:<\/strong><br \/>\n&#8211; Envase x 90 c\u00e1psulas<br \/>\n&#8211; Esencia Mineral<\/p>\n","protected":false},"featured_media":285,"comment_status":"open","ping_status":"closed","template":"","meta":{"_eb_attr":""},"product_brand":[],"product_cat":[16],"product_tag":[],"class_list":{"0":"post-223","1":"product","2":"type-product","3":"status-publish","4":"has-post-thumbnail","6":"product_cat-pastilleros","8":"first","9":"instock","10":"taxable","11":"shipping-taxable","12":"purchasable","13":"product-type-simple"},"_links":{"self":[{"href":"https:\/\/osananutraceutica.com\/index.php?rest_route=\/wp\/v2\/product\/223","targetHints":{"allow":["GET"]}}],"collection":[{"href":"https:\/\/osananutraceutica.com\/index.php?rest_route=\/wp\/v2\/product"}],"about":[{"href":"https:\/\/osananutraceutica.com\/index.php?rest_route=\/wp\/v2\/types\/product"}],"replies":[{"embeddable":true,"href":"https:\/\/osananutraceutica.com\/index.php?rest_route=%2Fwp%2Fv2%2Fcomments&post=223"}],"wp:featuredmedia":[{"embeddable":true,"href":"https:\/\/osananutraceutica.com\/index.php?rest_route=\/wp\/v2\/media\/285"}],"wp:attachment":[{"href":"https:\/\/osananutraceutica.com\/index.php?rest_route=%2Fwp%2Fv2%2Fmedia&parent=223"}],"wp:term":[{"taxonomy":"product_brand","embeddable":true,"href":"https:\/\/osananutraceutica.com\/index.php?rest_route=%2Fwp%2Fv2%2Fproduct_brand&post=223"},{"taxonomy":"product_cat","embeddable":true,"href":"https:\/\/osananutraceutica.com\/index.php?rest_route=%2Fwp%2Fv2%2Fproduct_cat&post=223"},{"taxonomy":"product_tag","embeddable":true,"href":"https:\/\/osananutraceutica.com\/index.php?rest_route=%2Fwp%2Fv2%2Fproduct_tag&post=223"}],"curies":[{"name":"wp","href":"https:\/\/api.w.org\/{rel}","templated":true}]}}