{"id":221,"date":"2024-02-24T20:39:29","date_gmt":"2024-02-24T20:39:29","guid":{"rendered":"https:\/\/osananutraceutica.com\/?post_type=product&#038;p=221"},"modified":"2026-03-16T00:36:38","modified_gmt":"2026-03-16T00:36:38","slug":"probioticos-y-prebioticos","status":"publish","type":"product","link":"https:\/\/osananutraceutica.com\/?product=probioticos-y-prebioticos","title":{"rendered":"Probi\u00f3ticos y Prebi\u00f3ticos"},"content":{"rendered":"<p>Probi\u00f3ticos y prebi\u00f3ticos.<\/p>\n","protected":false},"excerpt":{"rendered":"<p><span data-sheets-root=\"1\" data-sheets-value=\"{&quot;1&quot;:2,&quot;2&quot;:&quot;Propiedades:\\r\\n- Estimulan el sistema inmunol\u00f3gico.\\r\\n- Previenen el desequilibrio de la flora intestinal.\\r\\n- Reducen los casos de diarrea y duraci\u00f3n de la misma.\\r\\n- Restablecen el pH del intestino.\\r\\n- Regulan el tr\u00e1nsito intestinal y alivian el estre\u00f1imiento.\\r\\n- Favorecen la absorci\u00f3n del calcio.\\r\\n- Mejoran la digesti\u00f3n.\\r\\n\\r\\nContenido:\\r\\n- envase X 90 comprimidos\\r\\n\\r\\nREGISTRO SANITARIO INVIMA: RSA-0010676-2020&quot;}\" data-sheets-userformat=\"{&quot;2&quot;:897,&quot;3&quot;:{&quot;1&quot;:0},&quot;10&quot;:1,&quot;11&quot;:4,&quot;12&quot;:0}\"><strong>Propiedades:<\/strong><br \/>\n&#8211; Estimulan el sistema inmunol\u00f3gico.<br \/>\n&#8211; Previenen el desequilibrio de la flora intestinal.<br \/>\n&#8211; Reducen los casos de diarrea y duraci\u00f3n de la misma.<br \/>\n&#8211; Restablecen el pH del intestino.<br \/>\n&#8211; Regulan el tr\u00e1nsito intestinal y alivian el estre\u00f1imiento.<br \/>\n&#8211; Favorecen la absorci\u00f3n del calcio.<br \/>\n&#8211; Mejoran la digesti\u00f3n.<\/span><\/p>\n<p><strong>Contenido:<\/strong><br \/>\n&#8211; Envase x 60 comprimidos<\/p>\n<p><strong>REGISTRO SANITARIO INVIMA:<\/strong> RSA-0010676-2020<\/p>\n","protected":false},"featured_media":286,"comment_status":"open","ping_status":"closed","template":"","meta":{"_eb_attr":""},"product_brand":[],"product_cat":[16],"product_tag":[],"class_list":{"0":"post-221","1":"product","2":"type-product","3":"status-publish","4":"has-post-thumbnail","6":"product_cat-pastilleros","8":"first","9":"instock","10":"taxable","11":"shipping-taxable","12":"purchasable","13":"product-type-simple"},"_links":{"self":[{"href":"https:\/\/osananutraceutica.com\/index.php?rest_route=\/wp\/v2\/product\/221","targetHints":{"allow":["GET"]}}],"collection":[{"href":"https:\/\/osananutraceutica.com\/index.php?rest_route=\/wp\/v2\/product"}],"about":[{"href":"https:\/\/osananutraceutica.com\/index.php?rest_route=\/wp\/v2\/types\/product"}],"replies":[{"embeddable":true,"href":"https:\/\/osananutraceutica.com\/index.php?rest_route=%2Fwp%2Fv2%2Fcomments&post=221"}],"wp:featuredmedia":[{"embeddable":true,"href":"https:\/\/osananutraceutica.com\/index.php?rest_route=\/wp\/v2\/media\/286"}],"wp:attachment":[{"href":"https:\/\/osananutraceutica.com\/index.php?rest_route=%2Fwp%2Fv2%2Fmedia&parent=221"}],"wp:term":[{"taxonomy":"product_brand","embeddable":true,"href":"https:\/\/osananutraceutica.com\/index.php?rest_route=%2Fwp%2Fv2%2Fproduct_brand&post=221"},{"taxonomy":"product_cat","embeddable":true,"href":"https:\/\/osananutraceutica.com\/index.php?rest_route=%2Fwp%2Fv2%2Fproduct_cat&post=221"},{"taxonomy":"product_tag","embeddable":true,"href":"https:\/\/osananutraceutica.com\/index.php?rest_route=%2Fwp%2Fv2%2Fproduct_tag&post=221"}],"curies":[{"name":"wp","href":"https:\/\/api.w.org\/{rel}","templated":true}]}}