{"id":219,"date":"2024-02-24T20:38:25","date_gmt":"2024-02-24T20:38:25","guid":{"rendered":"https:\/\/osananutraceutica.com\/?post_type=product&#038;p=219"},"modified":"2026-02-23T21:08:35","modified_gmt":"2026-02-23T21:08:35","slug":"triptofano","status":"publish","type":"product","link":"https:\/\/osananutraceutica.com\/?product=triptofano","title":{"rendered":"Tript\u00f3fano"},"content":{"rendered":"<p>Tript\u00f3fano.<\/p>\n","protected":false},"excerpt":{"rendered":"<p><span data-sheets-root=\"1\" data-sheets-value=\"{&quot;1&quot;:2,&quot;2&quot;:&quot;Propiedades:\\r\\nAyuda a conciliar el sue\u00f1o, permaneciendo dormido y manteniendo un patr\u00f3n de sue\u00f1o constante, esta f\u00f3rmula de alta potencia ayuda a sue\u00f1os largos y tranquilos.\\r\\n\\r\\nContenido:\\r\\n- envase X 90 comprimidos\\r\\n\\r\\nREGISTRO SANITARIO INVIMA: RSA-0010676-2020&quot;}\" data-sheets-userformat=\"{&quot;2&quot;:897,&quot;3&quot;:{&quot;1&quot;:0},&quot;10&quot;:1,&quot;11&quot;:4,&quot;12&quot;:0}\"><strong>Propiedades:<\/strong><br \/>\nAyuda a conciliar el sue\u00f1o, permaneciendo dormido y manteniendo un patr\u00f3n de sue\u00f1o constante; esta f\u00f3rmula de alta potencia ayuda a sue\u00f1os largos y tranquilos.<\/span><\/p>\n<p><strong>Contenido:<\/strong><br \/>\n&#8211; Envase X 90 comprimidos<\/p>\n<p><strong>REGISTRO SANITARIO INVIMA:<\/strong> RSA-0010676-2020<\/p>\n","protected":false},"featured_media":287,"comment_status":"open","ping_status":"closed","template":"","meta":{"_eb_attr":""},"product_brand":[],"product_cat":[16],"product_tag":[],"class_list":{"0":"post-219","1":"product","2":"type-product","3":"status-publish","4":"has-post-thumbnail","6":"product_cat-pastilleros","8":"first","9":"instock","10":"taxable","11":"shipping-taxable","12":"purchasable","13":"product-type-simple"},"_links":{"self":[{"href":"https:\/\/osananutraceutica.com\/index.php?rest_route=\/wp\/v2\/product\/219","targetHints":{"allow":["GET"]}}],"collection":[{"href":"https:\/\/osananutraceutica.com\/index.php?rest_route=\/wp\/v2\/product"}],"about":[{"href":"https:\/\/osananutraceutica.com\/index.php?rest_route=\/wp\/v2\/types\/product"}],"replies":[{"embeddable":true,"href":"https:\/\/osananutraceutica.com\/index.php?rest_route=%2Fwp%2Fv2%2Fcomments&post=219"}],"wp:featuredmedia":[{"embeddable":true,"href":"https:\/\/osananutraceutica.com\/index.php?rest_route=\/wp\/v2\/media\/287"}],"wp:attachment":[{"href":"https:\/\/osananutraceutica.com\/index.php?rest_route=%2Fwp%2Fv2%2Fmedia&parent=219"}],"wp:term":[{"taxonomy":"product_brand","embeddable":true,"href":"https:\/\/osananutraceutica.com\/index.php?rest_route=%2Fwp%2Fv2%2Fproduct_brand&post=219"},{"taxonomy":"product_cat","embeddable":true,"href":"https:\/\/osananutraceutica.com\/index.php?rest_route=%2Fwp%2Fv2%2Fproduct_cat&post=219"},{"taxonomy":"product_tag","embeddable":true,"href":"https:\/\/osananutraceutica.com\/index.php?rest_route=%2Fwp%2Fv2%2Fproduct_tag&post=219"}],"curies":[{"name":"wp","href":"https:\/\/api.w.org\/{rel}","templated":true}]}}