{"id":213,"date":"2024-02-24T20:35:20","date_gmt":"2024-02-24T20:35:20","guid":{"rendered":"https:\/\/osananutraceutica.com\/?post_type=product&#038;p=213"},"modified":"2026-04-09T00:00:36","modified_gmt":"2026-04-09T00:00:36","slug":"fenogreco","status":"publish","type":"product","link":"https:\/\/osananutraceutica.com\/?product=fenogreco","title":{"rendered":"Fenogreco"},"content":{"rendered":"<p>Fenogreco<\/p>\n","protected":false},"excerpt":{"rendered":"<p><span data-sheets-root=\"1\" data-sheets-value=\"{&quot;1&quot;:2,&quot;2&quot;:&quot;Propiedades:\\nComplementario en el tratamiento de personas an\u00e9micas, anor\u00e9xicas e inapetentes. Estimula los procesos digestivos y se utiliza como fortificante en gl\u00fateos y bustos.\\n\\nContenido:\\r\\n- envase X 90 comprimidos\\n\\nREGISTRO SANITARIO INVIMA: RSA-0010676-2020&quot;}\" data-sheets-userformat=\"{&quot;2&quot;:897,&quot;3&quot;:{&quot;1&quot;:0},&quot;10&quot;:1,&quot;11&quot;:4,&quot;12&quot;:0}\"><strong>Propiedades:<\/strong><br \/>\nComplementario en el tratamiento de personas an\u00e9micas, anor\u00e9xicas e inapetentes. Estimula los procesos digestivos y se utiliza como fortificante en gl\u00fateos y bustos.<\/span><\/p>\n<p><strong>Contenido:<\/strong><br \/>\n&#8211; Envase X 90 comprimidos<\/p>\n<p><strong>REGISTRO SANITARIO INVIMA:<\/strong> RSA-0010676-2020<\/p>\n","protected":false},"featured_media":674,"comment_status":"open","ping_status":"closed","template":"","meta":{"_eb_attr":""},"product_brand":[],"product_cat":[16],"product_tag":[],"class_list":{"0":"post-213","1":"product","2":"type-product","3":"status-publish","4":"has-post-thumbnail","6":"product_cat-pastilleros","8":"first","9":"instock","10":"taxable","11":"shipping-taxable","12":"purchasable","13":"product-type-simple"},"_links":{"self":[{"href":"https:\/\/osananutraceutica.com\/index.php?rest_route=\/wp\/v2\/product\/213","targetHints":{"allow":["GET"]}}],"collection":[{"href":"https:\/\/osananutraceutica.com\/index.php?rest_route=\/wp\/v2\/product"}],"about":[{"href":"https:\/\/osananutraceutica.com\/index.php?rest_route=\/wp\/v2\/types\/product"}],"replies":[{"embeddable":true,"href":"https:\/\/osananutraceutica.com\/index.php?rest_route=%2Fwp%2Fv2%2Fcomments&post=213"}],"wp:featuredmedia":[{"embeddable":true,"href":"https:\/\/osananutraceutica.com\/index.php?rest_route=\/wp\/v2\/media\/674"}],"wp:attachment":[{"href":"https:\/\/osananutraceutica.com\/index.php?rest_route=%2Fwp%2Fv2%2Fmedia&parent=213"}],"wp:term":[{"taxonomy":"product_brand","embeddable":true,"href":"https:\/\/osananutraceutica.com\/index.php?rest_route=%2Fwp%2Fv2%2Fproduct_brand&post=213"},{"taxonomy":"product_cat","embeddable":true,"href":"https:\/\/osananutraceutica.com\/index.php?rest_route=%2Fwp%2Fv2%2Fproduct_cat&post=213"},{"taxonomy":"product_tag","embeddable":true,"href":"https:\/\/osananutraceutica.com\/index.php?rest_route=%2Fwp%2Fv2%2Fproduct_tag&post=213"}],"curies":[{"name":"wp","href":"https:\/\/api.w.org\/{rel}","templated":true}]}}