{"id":211,"date":"2024-02-24T20:34:20","date_gmt":"2024-02-24T20:34:20","guid":{"rendered":"https:\/\/osananutraceutica.com\/?post_type=product&#038;p=211"},"modified":"2026-03-28T18:40:16","modified_gmt":"2026-03-28T18:40:16","slug":"castano-de-indias","status":"publish","type":"product","link":"https:\/\/osananutraceutica.com\/?product=castano-de-indias","title":{"rendered":"Casta\u00f1o de Indias"},"content":{"rendered":"<p><span data-sheets-root=\"1\" data-sheets-value=\"{&quot;1&quot;:2,&quot;2&quot;:&quot;Casta\u00f1o de Indias&quot;}\" data-sheets-userformat=\"{&quot;2&quot;:961,&quot;3&quot;:{&quot;1&quot;:0},&quot;9&quot;:1,&quot;10&quot;:1,&quot;11&quot;:4,&quot;12&quot;:0}\">Casta\u00f1o de Indias.<\/span><\/p>\n","protected":false},"excerpt":{"rendered":"<p><span data-sheets-root=\"1\" data-sheets-value=\"{&quot;1&quot;:2,&quot;2&quot;:&quot;Propiedades:\\nAyuda el alivio de s\u00edntomas asociados a alteraciones leves de la circulaci\u00f3n venosa, tales como malestar, pesadez y vena v\u00e1rice en las piernas y para el tratamiento sintom\u00e1tico de las hemorroides.\\n\\nContenido:\\n- envase X 90 c\u00e1psulas\\n- ESENCIA MINERAL&quot;}\" data-sheets-userformat=\"{&quot;2&quot;:897,&quot;3&quot;:{&quot;1&quot;:0},&quot;10&quot;:1,&quot;11&quot;:4,&quot;12&quot;:0}\"><strong>Propiedades:<\/strong><br \/>\nAyuda el alivio de s\u00edntomas asociados a alteraciones leves de la circulaci\u00f3n venosa, tales como malestar, pesadez y vena varicosa en las piernas, y para el tratamiento sintom\u00e1tico de las hemorroides.<\/span><\/p>\n<p><strong>Contenido:<\/strong><br \/>\n&#8211; Envase X 90 c\u00e1psulas<br \/>\n&#8211; Esencia Mineral<\/p>\n","protected":false},"featured_media":291,"comment_status":"open","ping_status":"closed","template":"","meta":{"_eb_attr":""},"product_brand":[],"product_cat":[16],"product_tag":[],"class_list":{"0":"post-211","1":"product","2":"type-product","3":"status-publish","4":"has-post-thumbnail","6":"product_cat-pastilleros","8":"first","9":"instock","10":"taxable","11":"shipping-taxable","12":"purchasable","13":"product-type-simple"},"_links":{"self":[{"href":"https:\/\/osananutraceutica.com\/index.php?rest_route=\/wp\/v2\/product\/211","targetHints":{"allow":["GET"]}}],"collection":[{"href":"https:\/\/osananutraceutica.com\/index.php?rest_route=\/wp\/v2\/product"}],"about":[{"href":"https:\/\/osananutraceutica.com\/index.php?rest_route=\/wp\/v2\/types\/product"}],"replies":[{"embeddable":true,"href":"https:\/\/osananutraceutica.com\/index.php?rest_route=%2Fwp%2Fv2%2Fcomments&post=211"}],"wp:featuredmedia":[{"embeddable":true,"href":"https:\/\/osananutraceutica.com\/index.php?rest_route=\/wp\/v2\/media\/291"}],"wp:attachment":[{"href":"https:\/\/osananutraceutica.com\/index.php?rest_route=%2Fwp%2Fv2%2Fmedia&parent=211"}],"wp:term":[{"taxonomy":"product_brand","embeddable":true,"href":"https:\/\/osananutraceutica.com\/index.php?rest_route=%2Fwp%2Fv2%2Fproduct_brand&post=211"},{"taxonomy":"product_cat","embeddable":true,"href":"https:\/\/osananutraceutica.com\/index.php?rest_route=%2Fwp%2Fv2%2Fproduct_cat&post=211"},{"taxonomy":"product_tag","embeddable":true,"href":"https:\/\/osananutraceutica.com\/index.php?rest_route=%2Fwp%2Fv2%2Fproduct_tag&post=211"}],"curies":[{"name":"wp","href":"https:\/\/api.w.org\/{rel}","templated":true}]}}