{"id":205,"date":"2024-02-24T20:30:31","date_gmt":"2024-02-24T20:30:31","guid":{"rendered":"https:\/\/osananutraceutica.com\/?post_type=product&#038;p=205"},"modified":"2026-02-23T21:44:41","modified_gmt":"2026-02-23T21:44:41","slug":"saw-palmetto","status":"publish","type":"product","link":"https:\/\/osananutraceutica.com\/?product=saw-palmetto","title":{"rendered":"Saw Palmetto"},"content":{"rendered":"<p><span data-sheets-root=\"1\" data-sheets-value=\"{&quot;1&quot;:2,&quot;2&quot;:&quot;Saw Palmetto\\r\\n&quot;}\" data-sheets-userformat=\"{&quot;2&quot;:961,&quot;3&quot;:{&quot;1&quot;:0},&quot;9&quot;:1,&quot;10&quot;:1,&quot;11&quot;:4,&quot;12&quot;:0}\">Saw Palmetto<br \/>\n<\/span><\/p>\n","protected":false},"excerpt":{"rendered":"<p><span data-sheets-root=\"1\" data-sheets-value=\"{&quot;1&quot;:2,&quot;2&quot;:&quot;Propiedades:\\nGracias a su actividad anti-estrog\u00e9nica reduce el tama\u00f1o de la pr\u00f3stata, mejorando el flujo de la orina y reduciendo el dolor al orinar. Tambi\u00e9n disminuye la cantidad de orina residual que queda en la vejiga y reduce la frecuencia en la micci\u00f3n nocturna.\\n\\nContenido:\\n- envase X 90 c\u00e1psulas\\n- Suplemento dietario\\n\\nREGISTRO SANITARIO INVIMA: PFM2012-0001996&quot;}\" data-sheets-userformat=\"{&quot;2&quot;:897,&quot;3&quot;:{&quot;1&quot;:0},&quot;10&quot;:1,&quot;11&quot;:4,&quot;12&quot;:0}\"><strong>Propiedades:<\/strong><br \/>\nGracias a su actividad antiestrog\u00e9nica, reduce el tama\u00f1o de la pr\u00f3stata, mejorando el flujo de la orina y reduciendo el dolor al orinar. Tambi\u00e9n disminuye la cantidad de orina residual que queda en la vejiga y reduce la frecuencia en la micci\u00f3n nocturna.<\/span><\/p>\n<p><strong>Contenido:<\/strong><br \/>\n&#8211; Envase X 90 c\u00e1psulas<br \/>\n&#8211; Suplemento dietario<\/p>\n<p><strong>REGISTRO SANITARIO INVIMA:<\/strong> PFM2012-0001996<\/p>\n","protected":false},"featured_media":680,"comment_status":"open","ping_status":"closed","template":"","meta":{"_eb_attr":""},"product_brand":[],"product_cat":[16],"product_tag":[],"class_list":{"0":"post-205","1":"product","2":"type-product","3":"status-publish","4":"has-post-thumbnail","6":"product_cat-pastilleros","8":"first","9":"instock","10":"taxable","11":"shipping-taxable","12":"purchasable","13":"product-type-simple"},"_links":{"self":[{"href":"https:\/\/osananutraceutica.com\/index.php?rest_route=\/wp\/v2\/product\/205","targetHints":{"allow":["GET"]}}],"collection":[{"href":"https:\/\/osananutraceutica.com\/index.php?rest_route=\/wp\/v2\/product"}],"about":[{"href":"https:\/\/osananutraceutica.com\/index.php?rest_route=\/wp\/v2\/types\/product"}],"replies":[{"embeddable":true,"href":"https:\/\/osananutraceutica.com\/index.php?rest_route=%2Fwp%2Fv2%2Fcomments&post=205"}],"wp:featuredmedia":[{"embeddable":true,"href":"https:\/\/osananutraceutica.com\/index.php?rest_route=\/wp\/v2\/media\/680"}],"wp:attachment":[{"href":"https:\/\/osananutraceutica.com\/index.php?rest_route=%2Fwp%2Fv2%2Fmedia&parent=205"}],"wp:term":[{"taxonomy":"product_brand","embeddable":true,"href":"https:\/\/osananutraceutica.com\/index.php?rest_route=%2Fwp%2Fv2%2Fproduct_brand&post=205"},{"taxonomy":"product_cat","embeddable":true,"href":"https:\/\/osananutraceutica.com\/index.php?rest_route=%2Fwp%2Fv2%2Fproduct_cat&post=205"},{"taxonomy":"product_tag","embeddable":true,"href":"https:\/\/osananutraceutica.com\/index.php?rest_route=%2Fwp%2Fv2%2Fproduct_tag&post=205"}],"curies":[{"name":"wp","href":"https:\/\/api.w.org\/{rel}","templated":true}]}}