{"id":199,"date":"2024-02-24T20:27:16","date_gmt":"2024-02-24T20:27:16","guid":{"rendered":"https:\/\/osananutraceutica.com\/?post_type=product&#038;p=199"},"modified":"2026-02-23T21:47:46","modified_gmt":"2026-02-23T21:47:46","slug":"cloruro-de-magnesio","status":"publish","type":"product","link":"https:\/\/osananutraceutica.com\/?product=cloruro-de-magnesio","title":{"rendered":"Cloruro de magnesio"},"content":{"rendered":"<p>Cloruro de magnesio.<\/p>\n","protected":false},"excerpt":{"rendered":"<p><span data-sheets-root=\"1\" data-sheets-value=\"{&quot;1&quot;:2,&quot;2&quot;:&quot;Propiedades:\\nEl cloruro de magnesio con col\u00e1geno y vitamina D3 es \u00fatil y de de gran ayuda para mejorar el sistema \u00f3seo, la salud articular y tendinosa, as\u00ed como el aspecto de la piel, el cabello y las u\u00f1as.\\n\\nContenido:\\n- envase X 90 c\u00e1psulas\\n- Suplemento dietario\\n\\nREGISTRO SANITARIO INVIMA: SD2013-0002853&quot;}\" data-sheets-userformat=\"{&quot;2&quot;:897,&quot;3&quot;:{&quot;1&quot;:0},&quot;10&quot;:1,&quot;11&quot;:4,&quot;12&quot;:0}\"><strong>Propiedades:<\/strong><br \/>\nEl cloruro de magnesio con col\u00e1geno y vitamina D3 es \u00fatil y de gran ayuda para mejorar el sistema \u00f3seo, la salud articular y tendinosa, as\u00ed como el aspecto de la piel, el cabello y las u\u00f1as.<\/span><\/p>\n<p><strong>Contenido:<\/strong><br \/>\n&#8211; Envase x 90 c\u00e1psulas<br \/>\n&#8211; Suplemento dietario<\/p>\n<p><span data-sheets-root=\"1\" data-sheets-value=\"{&quot;1&quot;:2,&quot;2&quot;:&quot;Propiedades:\\nEl cloruro de magnesio con col\u00e1geno y vitamina D3 es \u00fatil y de de gran ayuda para mejorar el sistema \u00f3seo, la salud articular y tendinosa, as\u00ed como el aspecto de la piel, el cabello y las u\u00f1as.\\n\\nContenido:\\n- envase X 90 c\u00e1psulas\\n- Suplemento dietario\\n\\nREGISTRO SANITARIO INVIMA: SD2013-0002853&quot;}\" data-sheets-userformat=\"{&quot;2&quot;:897,&quot;3&quot;:{&quot;1&quot;:0},&quot;10&quot;:1,&quot;11&quot;:4,&quot;12&quot;:0}\"><strong>REGISTRO SANITARIO INVIMA:<\/strong> SD2013-0002853<\/span><\/p>\n","protected":false},"featured_media":297,"comment_status":"open","ping_status":"closed","template":"","meta":{"_eb_attr":""},"product_brand":[],"product_cat":[16],"product_tag":[],"class_list":{"0":"post-199","1":"product","2":"type-product","3":"status-publish","4":"has-post-thumbnail","6":"product_cat-pastilleros","8":"first","9":"instock","10":"taxable","11":"shipping-taxable","12":"purchasable","13":"product-type-simple"},"_links":{"self":[{"href":"https:\/\/osananutraceutica.com\/index.php?rest_route=\/wp\/v2\/product\/199","targetHints":{"allow":["GET"]}}],"collection":[{"href":"https:\/\/osananutraceutica.com\/index.php?rest_route=\/wp\/v2\/product"}],"about":[{"href":"https:\/\/osananutraceutica.com\/index.php?rest_route=\/wp\/v2\/types\/product"}],"replies":[{"embeddable":true,"href":"https:\/\/osananutraceutica.com\/index.php?rest_route=%2Fwp%2Fv2%2Fcomments&post=199"}],"wp:featuredmedia":[{"embeddable":true,"href":"https:\/\/osananutraceutica.com\/index.php?rest_route=\/wp\/v2\/media\/297"}],"wp:attachment":[{"href":"https:\/\/osananutraceutica.com\/index.php?rest_route=%2Fwp%2Fv2%2Fmedia&parent=199"}],"wp:term":[{"taxonomy":"product_brand","embeddable":true,"href":"https:\/\/osananutraceutica.com\/index.php?rest_route=%2Fwp%2Fv2%2Fproduct_brand&post=199"},{"taxonomy":"product_cat","embeddable":true,"href":"https:\/\/osananutraceutica.com\/index.php?rest_route=%2Fwp%2Fv2%2Fproduct_cat&post=199"},{"taxonomy":"product_tag","embeddable":true,"href":"https:\/\/osananutraceutica.com\/index.php?rest_route=%2Fwp%2Fv2%2Fproduct_tag&post=199"}],"curies":[{"name":"wp","href":"https:\/\/api.w.org\/{rel}","templated":true}]}}