{"id":195,"date":"2024-02-24T20:23:29","date_gmt":"2024-02-24T20:23:29","guid":{"rendered":"https:\/\/osananutraceutica.com\/?post_type=product&#038;p=195"},"modified":"2026-02-18T14:16:16","modified_gmt":"2026-02-18T14:16:16","slug":"qb-gold","status":"publish","type":"product","link":"https:\/\/osananutraceutica.com\/?product=qb-gold","title":{"rendered":"QB Gold"},"content":{"rendered":"<p><span data-sheets-root=\"1\" data-sheets-value=\"{&quot;1&quot;:2,&quot;2&quot;:&quot;Propiedades:\\nQuemador de grasa natural con amplios beneficios para lograr una p\u00e9rdida de peso de manera r\u00e1pida y segura. Sus componentes naturales lo convierten en un excelente quemador de grasa corporal, acelerador metab\u00f3lico y adem\u00e1s inhibidoras de apetito y ansiedad.\\r\\n\\nContenido:\\r\\n- envase X 90 comprimidos\\n- Alimento\\r\\n\\r\\nREGISTRO SANITARIO INVIMA: RSA-0010676-2020&quot;}\" data-sheets-userformat=\"{&quot;2&quot;:897,&quot;3&quot;:{&quot;1&quot;:0},&quot;10&quot;:1,&quot;11&quot;:4,&quot;12&quot;:0}\" data-sheets-textstyleruns=\"{&quot;1&quot;:0,&quot;2&quot;:{&quot;5&quot;:1}}\uee10{&quot;1&quot;:13}\uee10{&quot;1&quot;:273,&quot;2&quot;:{&quot;5&quot;:1}}\uee10{&quot;1&quot;:283}\uee10{&quot;1&quot;:325,&quot;2&quot;:{&quot;5&quot;:1}}\uee10{&quot;1&quot;:351}\"><strong>Propiedades:<\/strong><br \/>\nQB Gold Quemador de grasa natural con amplios beneficios para lograr una p\u00e9rdida de peso de manera r\u00e1pida y segura. Sus componentes naturales lo convierten en un excelente quemador de grasa corporal, acelerador metab\u00f3lico y adem\u00e1s inhibidor del apetito y la ansiedad.<\/span><\/p>\n<p><strong>Contenido:<\/strong><br \/>\n&#8211; Envase x 90 comprimidos<br \/>\n&#8211; Alimento<\/p>\n<p><strong>REGISTRO SANITARIO INVIMA:<\/strong> RSA-0010676-2020<\/p>\n<p>&nbsp;<\/p>\n","protected":false},"excerpt":{"rendered":"<p><span data-sheets-root=\"1\" data-sheets-value=\"{&quot;1&quot;:2,&quot;2&quot;:&quot;Propiedades:\\nQuemador de grasa natural con amplios beneficios para lograr una p\u00e9rdida de peso de manera r\u00e1pida y segura. Sus componentes naturales lo convierten en un excelente quemador de grasa corporal, acelerador metab\u00f3lico y adem\u00e1s inhibidoras de apetito y ansiedad.\\r\\n\\nContenido:\\r\\n- envase X 90 comprimidos\\n- Alimento\\r\\n\\r\\nREGISTRO SANITARIO INVIMA: RSA-0010676-2020&quot;}\" data-sheets-userformat=\"{&quot;2&quot;:897,&quot;3&quot;:{&quot;1&quot;:0},&quot;10&quot;:1,&quot;11&quot;:4,&quot;12&quot;:0}\" data-sheets-textstyleruns=\"{&quot;1&quot;:0,&quot;2&quot;:{&quot;5&quot;:1}}\uee10{&quot;1&quot;:13}\uee10{&quot;1&quot;:273,&quot;2&quot;:{&quot;5&quot;:1}}\uee10{&quot;1&quot;:283}\uee10{&quot;1&quot;:325,&quot;2&quot;:{&quot;5&quot;:1}}\uee10{&quot;1&quot;:351}\"><strong>Propiedades:<\/strong><br \/>\nQuemador de grasa natural con amplios beneficios para lograr una p\u00e9rdida de peso de manera r\u00e1pida y segura. Sus componentes naturales lo convierten en un excelente quemador de grasa corporal, acelerador metab\u00f3lico y adem\u00e1s inhibidor del apetito y la ansiedad.<\/span><\/p>\n<p><strong>Contenido:<\/strong><br \/>\n&#8211; Envase x 90 comprimidos<br \/>\n&#8211; Alimento<\/p>\n<p><strong>REGISTRO SANITARIO INVIMA:<\/strong> RSA-0010676-2020<\/p>\n","protected":false},"featured_media":299,"comment_status":"open","ping_status":"closed","template":"","meta":{"_eb_attr":""},"product_brand":[],"product_cat":[16],"product_tag":[],"class_list":{"0":"post-195","1":"product","2":"type-product","3":"status-publish","4":"has-post-thumbnail","6":"product_cat-pastilleros","8":"first","9":"onbackorder","10":"purchasable","11":"product-type-simple"},"_links":{"self":[{"href":"https:\/\/osananutraceutica.com\/index.php?rest_route=\/wp\/v2\/product\/195","targetHints":{"allow":["GET"]}}],"collection":[{"href":"https:\/\/osananutraceutica.com\/index.php?rest_route=\/wp\/v2\/product"}],"about":[{"href":"https:\/\/osananutraceutica.com\/index.php?rest_route=\/wp\/v2\/types\/product"}],"replies":[{"embeddable":true,"href":"https:\/\/osananutraceutica.com\/index.php?rest_route=%2Fwp%2Fv2%2Fcomments&post=195"}],"wp:featuredmedia":[{"embeddable":true,"href":"https:\/\/osananutraceutica.com\/index.php?rest_route=\/wp\/v2\/media\/299"}],"wp:attachment":[{"href":"https:\/\/osananutraceutica.com\/index.php?rest_route=%2Fwp%2Fv2%2Fmedia&parent=195"}],"wp:term":[{"taxonomy":"product_brand","embeddable":true,"href":"https:\/\/osananutraceutica.com\/index.php?rest_route=%2Fwp%2Fv2%2Fproduct_brand&post=195"},{"taxonomy":"product_cat","embeddable":true,"href":"https:\/\/osananutraceutica.com\/index.php?rest_route=%2Fwp%2Fv2%2Fproduct_cat&post=195"},{"taxonomy":"product_tag","embeddable":true,"href":"https:\/\/osananutraceutica.com\/index.php?rest_route=%2Fwp%2Fv2%2Fproduct_tag&post=195"}],"curies":[{"name":"wp","href":"https:\/\/api.w.org\/{rel}","templated":true}]}}