{"id":189,"date":"2024-02-24T20:02:50","date_gmt":"2024-02-24T20:02:50","guid":{"rendered":"https:\/\/osananutraceutica.com\/?post_type=product&#038;p=189"},"modified":"2026-01-19T18:08:26","modified_gmt":"2026-01-19T18:08:26","slug":"colageno","status":"publish","type":"product","link":"https:\/\/osananutraceutica.com\/?product=colageno","title":{"rendered":"Col\u00e1geno"},"content":{"rendered":"<p>Bebida concentrada con col\u00e1geno hidrolizado adicionado con vitaminas, cloruro de magnesio, sulfato de zinc y biotina.<\/p>\n","protected":false},"excerpt":{"rendered":"<p><strong>Propiedades:<\/strong><br \/>\nMejora la salud de la piel y Ayuda a aliviar el dolor de las articulaciones, previene la p\u00e9rdida \u00f3sea, ayuda a aumentar la masa muscular y Promueve la salud del coraz\u00f3n<\/p>\n<p><strong>Contenido:<\/strong><br \/>\n&#8211; envase X 360 ml<\/p>\n<p><strong>REGISTRO SANITARIO INVIMA:<\/strong> RSA-0009234-2019<\/p>\n","protected":false},"featured_media":302,"comment_status":"open","ping_status":"closed","template":"","meta":{"_eb_attr":""},"product_brand":[],"product_cat":[15],"product_tag":[],"class_list":{"0":"post-189","1":"product","2":"type-product","3":"status-publish","4":"has-post-thumbnail","6":"product_cat-jarabes","8":"first","9":"instock","10":"sale","11":"taxable","12":"shipping-taxable","13":"purchasable","14":"product-type-simple"},"_links":{"self":[{"href":"https:\/\/osananutraceutica.com\/index.php?rest_route=\/wp\/v2\/product\/189","targetHints":{"allow":["GET"]}}],"collection":[{"href":"https:\/\/osananutraceutica.com\/index.php?rest_route=\/wp\/v2\/product"}],"about":[{"href":"https:\/\/osananutraceutica.com\/index.php?rest_route=\/wp\/v2\/types\/product"}],"replies":[{"embeddable":true,"href":"https:\/\/osananutraceutica.com\/index.php?rest_route=%2Fwp%2Fv2%2Fcomments&post=189"}],"wp:featuredmedia":[{"embeddable":true,"href":"https:\/\/osananutraceutica.com\/index.php?rest_route=\/wp\/v2\/media\/302"}],"wp:attachment":[{"href":"https:\/\/osananutraceutica.com\/index.php?rest_route=%2Fwp%2Fv2%2Fmedia&parent=189"}],"wp:term":[{"taxonomy":"product_brand","embeddable":true,"href":"https:\/\/osananutraceutica.com\/index.php?rest_route=%2Fwp%2Fv2%2Fproduct_brand&post=189"},{"taxonomy":"product_cat","embeddable":true,"href":"https:\/\/osananutraceutica.com\/index.php?rest_route=%2Fwp%2Fv2%2Fproduct_cat&post=189"},{"taxonomy":"product_tag","embeddable":true,"href":"https:\/\/osananutraceutica.com\/index.php?rest_route=%2Fwp%2Fv2%2Fproduct_tag&post=189"}],"curies":[{"name":"wp","href":"https:\/\/api.w.org\/{rel}","templated":true}]}}