{"id":179,"date":"2024-02-24T19:56:12","date_gmt":"2024-02-24T19:56:12","guid":{"rendered":"https:\/\/osananutraceutica.com\/?post_type=product&#038;p=179"},"modified":"2026-02-23T22:33:20","modified_gmt":"2026-02-23T22:33:20","slug":"proxin","status":"publish","type":"product","link":"https:\/\/osananutraceutica.com\/?product=proxin","title":{"rendered":"Proxin"},"content":{"rendered":"<p><span data-sheets-root=\"1\" data-sheets-value=\"{&quot;1&quot;:2,&quot;2&quot;:&quot;Bebida con mezcla de frutas Cranberry, Agraz, Uva, Beta D-Glucanos de ganoderma&quot;}\" data-sheets-userformat=\"{&quot;2&quot;:897,&quot;3&quot;:{&quot;1&quot;:0},&quot;10&quot;:1,&quot;11&quot;:4,&quot;12&quot;:0}\">Bebida con mezcla de frutas Cranberry, Agraz, Uva, Beta D-Glucanos de ganoderma.<\/span><\/p>\n","protected":false},"excerpt":{"rendered":"<p><strong>Propiedades:<\/strong><br \/>\nProducto ideal para tratar problemas de pr\u00f3stata, Prostatitis cr\u00f3nica, y prevenir c\u00e1ncer de pr\u00f3stata.<\/p>\n<p><strong>Contenido:<\/strong><br \/>\n&#8211; envase X 360 ml<\/p>\n<p><strong>REGISTRO SANITARIO INVIMA:<\/strong> RSA-0007359-2019<\/p>\n","protected":false},"featured_media":552,"comment_status":"open","ping_status":"closed","template":"","meta":{"_eb_attr":""},"product_brand":[],"product_cat":[15],"product_tag":[],"class_list":{"0":"post-179","1":"product","2":"type-product","3":"status-publish","4":"has-post-thumbnail","6":"product_cat-jarabes","8":"first","9":"instock","10":"sale","11":"taxable","12":"shipping-taxable","13":"purchasable","14":"product-type-simple"},"_links":{"self":[{"href":"https:\/\/osananutraceutica.com\/index.php?rest_route=\/wp\/v2\/product\/179","targetHints":{"allow":["GET"]}}],"collection":[{"href":"https:\/\/osananutraceutica.com\/index.php?rest_route=\/wp\/v2\/product"}],"about":[{"href":"https:\/\/osananutraceutica.com\/index.php?rest_route=\/wp\/v2\/types\/product"}],"replies":[{"embeddable":true,"href":"https:\/\/osananutraceutica.com\/index.php?rest_route=%2Fwp%2Fv2%2Fcomments&post=179"}],"wp:featuredmedia":[{"embeddable":true,"href":"https:\/\/osananutraceutica.com\/index.php?rest_route=\/wp\/v2\/media\/552"}],"wp:attachment":[{"href":"https:\/\/osananutraceutica.com\/index.php?rest_route=%2Fwp%2Fv2%2Fmedia&parent=179"}],"wp:term":[{"taxonomy":"product_brand","embeddable":true,"href":"https:\/\/osananutraceutica.com\/index.php?rest_route=%2Fwp%2Fv2%2Fproduct_brand&post=179"},{"taxonomy":"product_cat","embeddable":true,"href":"https:\/\/osananutraceutica.com\/index.php?rest_route=%2Fwp%2Fv2%2Fproduct_cat&post=179"},{"taxonomy":"product_tag","embeddable":true,"href":"https:\/\/osananutraceutica.com\/index.php?rest_route=%2Fwp%2Fv2%2Fproduct_tag&post=179"}],"curies":[{"name":"wp","href":"https:\/\/api.w.org\/{rel}","templated":true}]}}