{"id":175,"date":"2024-02-24T19:53:35","date_gmt":"2024-02-24T19:53:35","guid":{"rendered":"https:\/\/osananutraceutica.com\/?post_type=product&#038;p=175"},"modified":"2026-02-23T22:41:44","modified_gmt":"2026-02-23T22:41:44","slug":"r-bano","status":"publish","type":"product","link":"https:\/\/osananutraceutica.com\/?product=r-bano","title":{"rendered":"R-Bano"},"content":{"rendered":"<p>Bebida con mezcla de frutas, lim\u00f3n, cranberry con flor de jamaica y berenjena.<\/p>\n","protected":false},"excerpt":{"rendered":"<p><span data-sheets-root=\"1\" data-sheets-value=\"{&quot;1&quot;:2,&quot;2&quot;:&quot;Propiedades:\\r\\nAntioxidante y diur\u00e9tico enriquecido con hierro que se utiliza para regenerar y tonificar el cuerpo. La combinaci\u00f3n de R-bano favorece la digesti\u00f3n de las grasas, limpia el sistema linf\u00e1tico, desintoxica la piel y recoge todos los desechos celulares en el organismo.\\r\\n\\r\\n\\r\\n\\r\\nContenido:\\r\\n- envase X 360 ml\\r\\n- $ 28.000\\r\\n\\r\\nREGISTRO SANITARIO INVIMA: RSA-0007359-2019&quot;}\" data-sheets-userformat=\"{&quot;2&quot;:897,&quot;3&quot;:{&quot;1&quot;:0},&quot;10&quot;:1,&quot;11&quot;:4,&quot;12&quot;:0}\"><strong>Propiedades:<\/strong><br \/>\nAntioxidante y diur\u00e9tico enriquecido con hierro que se utiliza para regenerar y tonificar el cuerpo. La combinaci\u00f3n de R-bano favorece la digesti\u00f3n de las grasas, limpia el sistema linf\u00e1tico, desintoxica la piel y recoge todos los desechos celulares en el organismo.<\/span><\/p>\n<p><strong>Contenido:<\/strong><br \/>\n&#8211; envase X 360 ml<\/p>\n<p><strong>REGISTRO SANITARIO INVIMA:<\/strong> RSA-0007359-2019<\/p>\n","protected":false},"featured_media":309,"comment_status":"open","ping_status":"closed","template":"","meta":{"_eb_attr":""},"product_brand":[],"product_cat":[15],"product_tag":[],"class_list":{"0":"post-175","1":"product","2":"type-product","3":"status-publish","4":"has-post-thumbnail","6":"product_cat-jarabes","8":"first","9":"instock","10":"taxable","11":"shipping-taxable","12":"purchasable","13":"product-type-simple"},"_links":{"self":[{"href":"https:\/\/osananutraceutica.com\/index.php?rest_route=\/wp\/v2\/product\/175","targetHints":{"allow":["GET"]}}],"collection":[{"href":"https:\/\/osananutraceutica.com\/index.php?rest_route=\/wp\/v2\/product"}],"about":[{"href":"https:\/\/osananutraceutica.com\/index.php?rest_route=\/wp\/v2\/types\/product"}],"replies":[{"embeddable":true,"href":"https:\/\/osananutraceutica.com\/index.php?rest_route=%2Fwp%2Fv2%2Fcomments&post=175"}],"wp:featuredmedia":[{"embeddable":true,"href":"https:\/\/osananutraceutica.com\/index.php?rest_route=\/wp\/v2\/media\/309"}],"wp:attachment":[{"href":"https:\/\/osananutraceutica.com\/index.php?rest_route=%2Fwp%2Fv2%2Fmedia&parent=175"}],"wp:term":[{"taxonomy":"product_brand","embeddable":true,"href":"https:\/\/osananutraceutica.com\/index.php?rest_route=%2Fwp%2Fv2%2Fproduct_brand&post=175"},{"taxonomy":"product_cat","embeddable":true,"href":"https:\/\/osananutraceutica.com\/index.php?rest_route=%2Fwp%2Fv2%2Fproduct_cat&post=175"},{"taxonomy":"product_tag","embeddable":true,"href":"https:\/\/osananutraceutica.com\/index.php?rest_route=%2Fwp%2Fv2%2Fproduct_tag&post=175"}],"curies":[{"name":"wp","href":"https:\/\/api.w.org\/{rel}","templated":true}]}}