{"id":173,"date":"2024-02-24T19:51:58","date_gmt":"2024-02-24T19:51:58","guid":{"rendered":"https:\/\/osananutraceutica.com\/?post_type=product&#038;p=173"},"modified":"2026-02-23T22:42:46","modified_gmt":"2026-02-23T22:42:46","slug":"cr-brina","status":"publish","type":"product","link":"https:\/\/osananutraceutica.com\/?product=cr-brina","title":{"rendered":"CR-Brina"},"content":{"rendered":"<p><span data-sheets-root=\"1\" data-sheets-value=\"{&quot;1&quot;:2,&quot;2&quot;:&quot;CR-brina, Vitamina A, Calcio, Vitamina D, Vitamina E, Vitamina B1, Vitamina B2, Vitamina B12, Vitamina C, Hierro, Niacina, Vitamina B6, \u00c1cido F\u00f3lico, \u00c1cido pantot\u00e9nico&quot;}\" data-sheets-userformat=\"{&quot;2&quot;:897,&quot;3&quot;:{&quot;1&quot;:0},&quot;10&quot;:1,&quot;11&quot;:4,&quot;12&quot;:0}\">Vitamina A, Calcio, Vitamina D, Vitamina E, Vitamina B1, Vitamina B2, Vitamina B12, Vitamina C, Hierro, Niacina, Vitamina B6, \u00c1cido f\u00f3lico, \u00c1cido pantot\u00e9nico.<\/span><\/p>\n","protected":false},"excerpt":{"rendered":"<p><span data-sheets-root=\"1\" data-sheets-value=\"{&quot;1&quot;:2,&quot;2&quot;:&quot;Propiedades:\\nMultivitam\u00ednico alto en \u00e1cidos grasos esenciales que favorece la estabilizaci\u00f3n neuronal, aumenta la s\u00edntesis de neurotransmisores para mejorar la memoria y suple nutrientes necesarios para el adecuado funcionamiento del cerebro.\\n\\nContenido:\\n- envase X 360 ml\\n- $ 28.000\\n\\nREGISTRO SANITARIO INVIMA: RSAD-19I49514 &quot;}\" data-sheets-userformat=\"{&quot;2&quot;:897,&quot;3&quot;:{&quot;1&quot;:0},&quot;10&quot;:1,&quot;11&quot;:4,&quot;12&quot;:0}\"><strong>Propiedades:<\/strong><br \/>\nMultivitam\u00ednico alto en \u00e1cidos grasos esenciales que favorece la estabilizaci\u00f3n neuronal, aumenta la s\u00edntesis de neurotransmisores para mejorar la memoria y suple nutrientes necesarios para el adecuado funcionamiento del cerebro.<\/span><\/p>\n<p><strong>Contenido:<\/strong><br \/>\n&#8211; envase x 360 ml<\/p>\n<p><strong>REGISTRO SANITARIO INVIMA:<\/strong> RSAD-19I49514<\/p>\n","protected":false},"featured_media":310,"comment_status":"open","ping_status":"closed","template":"","meta":{"_eb_attr":""},"product_brand":[],"product_cat":[15],"product_tag":[],"class_list":{"0":"post-173","1":"product","2":"type-product","3":"status-publish","4":"has-post-thumbnail","6":"product_cat-jarabes","8":"first","9":"instock","10":"taxable","11":"shipping-taxable","12":"purchasable","13":"product-type-simple"},"_links":{"self":[{"href":"https:\/\/osananutraceutica.com\/index.php?rest_route=\/wp\/v2\/product\/173","targetHints":{"allow":["GET"]}}],"collection":[{"href":"https:\/\/osananutraceutica.com\/index.php?rest_route=\/wp\/v2\/product"}],"about":[{"href":"https:\/\/osananutraceutica.com\/index.php?rest_route=\/wp\/v2\/types\/product"}],"replies":[{"embeddable":true,"href":"https:\/\/osananutraceutica.com\/index.php?rest_route=%2Fwp%2Fv2%2Fcomments&post=173"}],"wp:featuredmedia":[{"embeddable":true,"href":"https:\/\/osananutraceutica.com\/index.php?rest_route=\/wp\/v2\/media\/310"}],"wp:attachment":[{"href":"https:\/\/osananutraceutica.com\/index.php?rest_route=%2Fwp%2Fv2%2Fmedia&parent=173"}],"wp:term":[{"taxonomy":"product_brand","embeddable":true,"href":"https:\/\/osananutraceutica.com\/index.php?rest_route=%2Fwp%2Fv2%2Fproduct_brand&post=173"},{"taxonomy":"product_cat","embeddable":true,"href":"https:\/\/osananutraceutica.com\/index.php?rest_route=%2Fwp%2Fv2%2Fproduct_cat&post=173"},{"taxonomy":"product_tag","embeddable":true,"href":"https:\/\/osananutraceutica.com\/index.php?rest_route=%2Fwp%2Fv2%2Fproduct_tag&post=173"}],"curies":[{"name":"wp","href":"https:\/\/api.w.org\/{rel}","templated":true}]}}