{"id":170,"date":"2024-02-24T19:45:13","date_gmt":"2024-02-24T19:45:13","guid":{"rendered":"https:\/\/osananutraceutica.com\/?post_type=product&#038;p=170"},"modified":"2026-02-23T22:44:23","modified_gmt":"2026-02-23T22:44:23","slug":"chankaxx","status":"publish","type":"product","link":"https:\/\/osananutraceutica.com\/?product=chankaxx","title":{"rendered":"Chankaxx"},"content":{"rendered":"","protected":false},"excerpt":{"rendered":"<p><strong>Propiedades:<\/strong><\/p>\n<p>Una f\u00f3rmula natural pensada para apoyar el equilibrio del sistema urinario.<br data-start=\"282\" data-end=\"285\" \/>Su uso tradicional ha sido valorado por quienes buscan sentirse m\u00e1s livianos y aliviados, especialmente cuando el cuerpo necesita soltar lo que no deber\u00eda estar all\u00ed.<\/p>\n<p><strong>Contenido:<\/strong><\/p>\n<p>envase X 360 ml<\/p>\n<p><strong>REGISTRO SANITARIO INVIMA: <\/strong>RSA-002811-2017<\/p>\n","protected":false},"featured_media":311,"comment_status":"open","ping_status":"closed","template":"","meta":{"_eb_attr":""},"product_brand":[],"product_cat":[15],"product_tag":[],"class_list":{"0":"post-170","1":"product","2":"type-product","3":"status-publish","4":"has-post-thumbnail","6":"product_cat-jarabes","8":"first","9":"instock","10":"taxable","11":"shipping-taxable","12":"purchasable","13":"product-type-simple"},"_links":{"self":[{"href":"https:\/\/osananutraceutica.com\/index.php?rest_route=\/wp\/v2\/product\/170","targetHints":{"allow":["GET"]}}],"collection":[{"href":"https:\/\/osananutraceutica.com\/index.php?rest_route=\/wp\/v2\/product"}],"about":[{"href":"https:\/\/osananutraceutica.com\/index.php?rest_route=\/wp\/v2\/types\/product"}],"replies":[{"embeddable":true,"href":"https:\/\/osananutraceutica.com\/index.php?rest_route=%2Fwp%2Fv2%2Fcomments&post=170"}],"wp:featuredmedia":[{"embeddable":true,"href":"https:\/\/osananutraceutica.com\/index.php?rest_route=\/wp\/v2\/media\/311"}],"wp:attachment":[{"href":"https:\/\/osananutraceutica.com\/index.php?rest_route=%2Fwp%2Fv2%2Fmedia&parent=170"}],"wp:term":[{"taxonomy":"product_brand","embeddable":true,"href":"https:\/\/osananutraceutica.com\/index.php?rest_route=%2Fwp%2Fv2%2Fproduct_brand&post=170"},{"taxonomy":"product_cat","embeddable":true,"href":"https:\/\/osananutraceutica.com\/index.php?rest_route=%2Fwp%2Fv2%2Fproduct_cat&post=170"},{"taxonomy":"product_tag","embeddable":true,"href":"https:\/\/osananutraceutica.com\/index.php?rest_route=%2Fwp%2Fv2%2Fproduct_tag&post=170"}],"curies":[{"name":"wp","href":"https:\/\/api.w.org\/{rel}","templated":true}]}}