{"id":1059,"date":"2025-11-10T10:57:58","date_gmt":"2025-11-10T10:57:58","guid":{"rendered":"https:\/\/osananutraceutica.com\/?post_type=product&#038;p=1059"},"modified":"2026-02-18T15:36:42","modified_gmt":"2026-02-18T15:36:42","slug":"ashwagandha","status":"publish","type":"product","link":"https:\/\/osananutraceutica.com\/?product=ashwagandha","title":{"rendered":"Ashwagandha"},"content":{"rendered":"<p class=\"\" data-start=\"207\" data-end=\"446\">La ashwagandha (<em data-start=\"195\" data-end=\"215\">Withania somnifera<\/em>) es una planta originaria de la India, reconocida por su uso tradicional dentro de la alimentaci\u00f3n y la herbolaria natural. Su ra\u00edz ha sido empleada durante siglos en preparaciones que hacen parte de pr\u00e1cticas culturales orientadas al bienestar y al equilibrio.<\/p>\n","protected":false},"excerpt":{"rendered":"<p>La ashwagandha (<em data-start=\"195\" data-end=\"215\">Withania somnifera<\/em>) es una planta originaria de la India, reconocida por su uso tradicional dentro de la alimentaci\u00f3n y la herbolaria natural. Su ra\u00edz ha sido empleada durante siglos en preparaciones que hacen parte de pr\u00e1cticas culturales orientadas al bienestar y al equilibrio.<\/p>\n","protected":false},"featured_media":1133,"comment_status":"open","ping_status":"closed","template":"","meta":{"_eb_attr":""},"product_brand":[59],"product_cat":[16],"product_tag":[57,56],"class_list":{"0":"post-1059","1":"product","2":"type-product","3":"status-publish","4":"has-post-thumbnail","6":"product_brand-melena-de-leon","7":"product_cat-pastilleros","8":"product_tag-antioxidante-potente","9":"product_tag-resveratrol-natural","11":"first","12":"instock","13":"purchasable","14":"product-type-simple"},"_links":{"self":[{"href":"https:\/\/osananutraceutica.com\/index.php?rest_route=\/wp\/v2\/product\/1059","targetHints":{"allow":["GET"]}}],"collection":[{"href":"https:\/\/osananutraceutica.com\/index.php?rest_route=\/wp\/v2\/product"}],"about":[{"href":"https:\/\/osananutraceutica.com\/index.php?rest_route=\/wp\/v2\/types\/product"}],"replies":[{"embeddable":true,"href":"https:\/\/osananutraceutica.com\/index.php?rest_route=%2Fwp%2Fv2%2Fcomments&post=1059"}],"wp:featuredmedia":[{"embeddable":true,"href":"https:\/\/osananutraceutica.com\/index.php?rest_route=\/wp\/v2\/media\/1133"}],"wp:attachment":[{"href":"https:\/\/osananutraceutica.com\/index.php?rest_route=%2Fwp%2Fv2%2Fmedia&parent=1059"}],"wp:term":[{"taxonomy":"product_brand","embeddable":true,"href":"https:\/\/osananutraceutica.com\/index.php?rest_route=%2Fwp%2Fv2%2Fproduct_brand&post=1059"},{"taxonomy":"product_cat","embeddable":true,"href":"https:\/\/osananutraceutica.com\/index.php?rest_route=%2Fwp%2Fv2%2Fproduct_cat&post=1059"},{"taxonomy":"product_tag","embeddable":true,"href":"https:\/\/osananutraceutica.com\/index.php?rest_route=%2Fwp%2Fv2%2Fproduct_tag&post=1059"}],"curies":[{"name":"wp","href":"https:\/\/api.w.org\/{rel}","templated":true}]}}