{"id":357,"date":"2024-03-08T01:21:41","date_gmt":"2024-03-08T01:21:41","guid":{"rendered":"https:\/\/osananutraceutica.com\/?page_id=357"},"modified":"2024-03-08T01:21:42","modified_gmt":"2024-03-08T01:21:42","slug":"politica-de-privacidad","status":"publish","type":"page","link":"https:\/\/osananutraceutica.com\/?page_id=357","title":{"rendered":"Pol\u00edtica de Privacidad"},"content":{"rendered":"\n<p>En Osana, nos comprometemos a proteger la privacidad de nuestros clientes y visitantes en l\u00ednea. Esta pol\u00edtica de privacidad describe c\u00f3mo recopilamos, utilizamos y protegemos la informaci\u00f3n personal que usted nos proporciona al utilizar nuestro sitio web y al realizar compras en nuestra tienda en l\u00ednea.<\/p>\n\n\n\n<p><strong>Informaci\u00f3n que Recopilamos:<\/strong> Cuando usted visita nuestro sitio web o realiza una compra en nuestra tienda en l\u00ednea, es posible que recopilemos cierta informaci\u00f3n personal, como su nombre, direcci\u00f3n, correo electr\u00f3nico, n\u00famero de tel\u00e9fono, informaci\u00f3n de pago y detalles de la compra.<\/p>\n\n\n\n<p><strong>Uso de la Informaci\u00f3n:<\/strong> Utilizamos la informaci\u00f3n recopilada para procesar sus pedidos, brindarle el servicio al cliente necesario, mejorar nuestros productos y servicios, enviarle comunicaciones comerciales y promocionales, y personalizar su experiencia de compra en nuestro sitio web.<\/p>\n\n\n\n<p><strong>Seguridad de la Informaci\u00f3n:<\/strong> Nos comprometemos a proteger la informaci\u00f3n personal de nuestros clientes. Utilizamos medidas de seguridad f\u00edsicas, electr\u00f3nicas y administrativas<\/p>\n","protected":false},"excerpt":{"rendered":"<p>En Osana, nos comprometemos a proteger la privacidad de nuestros clientes y visitantes en l\u00ednea. Esta pol\u00edtica de privacidad describe c\u00f3mo recopilamos, utilizamos y protegemos la<span class=\"excerpt-hellip\"> [\u2026]<\/span><\/p>\n","protected":false},"author":1,"featured_media":0,"parent":0,"menu_order":0,"comment_status":"closed","ping_status":"closed","template":"","meta":{"_eb_attr":"","footnotes":""},"class_list":["post-357","page","type-page","status-publish","hentry"],"_links":{"self":[{"href":"https:\/\/osananutraceutica.com\/index.php?rest_route=\/wp\/v2\/pages\/357","targetHints":{"allow":["GET"]}}],"collection":[{"href":"https:\/\/osananutraceutica.com\/index.php?rest_route=\/wp\/v2\/pages"}],"about":[{"href":"https:\/\/osananutraceutica.com\/index.php?rest_route=\/wp\/v2\/types\/page"}],"author":[{"embeddable":true,"href":"https:\/\/osananutraceutica.com\/index.php?rest_route=\/wp\/v2\/users\/1"}],"replies":[{"embeddable":true,"href":"https:\/\/osananutraceutica.com\/index.php?rest_route=%2Fwp%2Fv2%2Fcomments&post=357"}],"version-history":[{"count":0,"href":"https:\/\/osananutraceutica.com\/index.php?rest_route=\/wp\/v2\/pages\/357\/revisions"}],"wp:attachment":[{"href":"https:\/\/osananutraceutica.com\/index.php?rest_route=%2Fwp%2Fv2%2Fmedia&parent=357"}],"curies":[{"name":"wp","href":"https:\/\/api.w.org\/{rel}","templated":true}]}}